{"id":954,"date":"2022-10-08T17:28:24","date_gmt":"2022-10-08T15:28:24","guid":{"rendered":"https:\/\/sentiersdetoiles.fr\/?page_id=954"},"modified":"2024-01-02T10:57:35","modified_gmt":"2024-01-02T09:57:35","slug":"2022-3","status":"publish","type":"page","link":"https:\/\/sentiersdetoiles.fr\/?page_id=954","title":{"rendered":"2022"},"content":{"rendered":"\n<p>Retour vers la page des chefs <a href=\"https:\/\/sentiersdetoiles.fr\/?page_id=699\" target=\"_blank\" rel=\"noreferrer noopener\">2022<\/a><\/p>\n\n\n\n<p>Les r\u00e9sultats de la 5<sup>\u00e8me<\/sup> \u00e9dition des Velout\u00e9s d&#8217;\u00c9toiles sont disponibles dans l&#8217;article des DNA <a href=\"https:\/\/sentiersdetoiles.fr\/?page_id=937\">&#8220;Recette record pour les Velout\u00e9s d&#8217;\u00c9toiles&#8221;<\/a><\/p>\n\n\n\n<p>\u25b6 Velout\u00e9 n\u00b01&nbsp;&#8211; Du VENDREDI 25 NOVEMBRE au JEUDI 1<sup>er<\/sup> D\u00c9CEMBRE 2022&nbsp;\u25c0<\/p>\n\n\n\n<p><strong>Velout\u00e9 de l\u00e9gumes oubli\u00e9s au pralin de noisettes<\/strong><\/p>\n\n\n\n<p>cr\u00e9\u00e9 par Hubert MAETZ, <a rel=\"noreferrer noopener\" href=\"http:\/\/le-rosenmeer.fr\/\" target=\"_blank\">l\u2019hostellerie Rosenmeer<\/a> \u00e0 Rosheim<\/p>\n\n\n\n<p>&nbsp;\u2763 au profit d\u2019actions favorisant l\u2019insertion d\u2019enfants de tous horizons \u2763<\/p>\n\n\n\n<p>\u2013 \u00e0 travers la musique avec l\u2019association <a rel=\"noreferrer noopener\" href=\"https:\/\/associationballade.org\/\" target=\"_blank\">BALLADE<\/a> pour l&#8217;achat de 30 instruments,<\/p>\n\n\n\n<figure class=\"wp-block-image size-medium is-resized\"><a href=\"https:\/\/associationballade.org\/\" target=\"_blank\" rel=\"noreferrer noopener\"><img loading=\"lazy\" decoding=\"async\" width=\"300\" height=\"287\" src=\"https:\/\/sentiersdetoiles.fr\/wp-content\/uploads\/2022\/11\/BALLADE-300x287.jpg\" alt=\"\" class=\"wp-image-1020\" style=\"width:150px;height:144px\" srcset=\"https:\/\/sentiersdetoiles.fr\/wp-content\/uploads\/2022\/11\/BALLADE-300x287.jpg 300w, https:\/\/sentiersdetoiles.fr\/wp-content\/uploads\/2022\/11\/BALLADE.jpg 566w\" sizes=\"auto, (max-width: 300px) 100vw, 300px\" \/><\/a><\/figure>\n\n\n\n<p>\u2013 \u00e0 travers la lecture avec l\u2019association <a rel=\"noreferrer noopener\" href=\"https:\/\/www.facebook.com\/Papotheque\/\" target=\"_blank\">LA PAPOTH\u00c8QUE<\/a> pour l&#8217;am\u00e9nagement d&#8217;un espace biblioth\u00e8que avec des lires bilingues.<\/p>\n\n\n\n<figure class=\"wp-block-image is-resized\"><a href=\"https:\/\/www.facebook.com\/Papotheque\/\" target=\"_blank\" rel=\"noreferrer noopener\"><img loading=\"lazy\" decoding=\"async\" width=\"240\" height=\"102\" src=\"https:\/\/sentiersdetoiles.fr\/wp-content\/uploads\/2022\/11\/La-Papotheque.jpg\" alt=\"\" class=\"wp-image-1026\" style=\"width:180px;height:77px\"\/><\/a><\/figure>\n\n\n\n<p>\u2744&nbsp;\u2744&nbsp;\u2744&nbsp;\u2744&nbsp;\u2744&nbsp;\u2744&nbsp;\u2744<\/p>\n\n\n\n<p>\u25b6 Velout\u00e9 n\u00b02 &nbsp;&#8211; Du VENDREDI 2 D\u00c9CEMBRE au JEUDI 8 D\u00c9CEMBRE 2022&nbsp;\u25c0<\/p>\n\n\n\n<p><strong>Cr\u00e8me de doubeurre au lait de coco<\/strong><\/p>\n\n\n\n<p>cr\u00e9\u00e9e par Jean-Yves SCHILLINGER, <a rel=\"noreferrer noopener\" href=\"https:\/\/www.jean-yves-schillinger.com\/jys\/jys-restaurant-gastronomique\/\" target=\"_blank\">le JY\u2019S **<\/a> \u00e0 Colmar<\/p>\n\n\n\n<p>\u2763 au profit de projets tourn\u00e9es vers les personnes<br>en traitement de chimioth\u00e9rapie \u2763<\/p>\n\n\n\n<p>\u2013 avec l\u2019association <a rel=\"noreferrer noopener\" href=\"https:\/\/franck-unrayondesoleil.com\/\" target=\"_blank\">FRANCK, UN RAYON DE SOLEIL<\/a> pour financer une sortie exceptionnelle avec encadrement m\u00e9dical pour 50 enfants atteints de cancer c\u00e9r\u00e9bral,<\/p>\n\n\n\n<figure class=\"wp-block-image is-resized\"><a href=\"https:\/\/franck-unrayondesoleil.com\/\" target=\"_blank\" rel=\"noreferrer noopener\"><img loading=\"lazy\" decoding=\"async\" width=\"288\" height=\"111\" src=\"https:\/\/sentiersdetoiles.fr\/wp-content\/uploads\/2022\/11\/Franck-un-rayon-de-soleil.jpg\" alt=\"\" class=\"wp-image-1032\" style=\"width:216px;height:83px\"\/><\/a><\/figure>\n\n\n\n<p>\u2013 avec l\u2019association <a rel=\"noreferrer noopener\" href=\"https:\/\/www.facebook.com\/LifePINK67\/\" target=\"_blank\">LIFE PINK<\/a> pour financer des s\u00e9ances de maquillage sp\u00e9cifique du visage et des sourcils pour 50 personnes dont le visage est transform\u00e9<br>pendant la chimioth\u00e9rapie.<\/p>\n\n\n\n<figure class=\"wp-block-image is-resized\"><a href=\"https:\/\/www.facebook.com\/LifePINK67\/\" target=\"_blank\" rel=\"noreferrer noopener\"><img loading=\"lazy\" decoding=\"async\" width=\"303\" height=\"167\" src=\"https:\/\/sentiersdetoiles.fr\/wp-content\/uploads\/2022\/11\/Life-pink.jpg\" alt=\"\" class=\"wp-image-1037\" style=\"width:227px;height:125px\" srcset=\"https:\/\/sentiersdetoiles.fr\/wp-content\/uploads\/2022\/11\/Life-pink.jpg 303w, https:\/\/sentiersdetoiles.fr\/wp-content\/uploads\/2022\/11\/Life-pink-300x165.jpg 300w\" sizes=\"auto, (max-width: 303px) 100vw, 303px\" \/><\/a><\/figure>\n\n\n\n<p>\u2744&nbsp;\u2744&nbsp;\u2744&nbsp;\u2744&nbsp;\u2744&nbsp;\u2744&nbsp;\u2744<\/p>\n\n\n\n<p> &nbsp;\u25b6 Velout\u00e9 n\u00b0 3 &#8211; Du VENDREDI 9 D\u00c9CEMBRE au JEUDI 15 D\u00c9CEMBRE 2022&nbsp;\u25c0<\/p>\n\n\n\n<p><strong>Velout\u00e9 de c\u00e9leri pansu aux saveurs de truffe<\/strong><\/p>\n\n\n\n<p>cr\u00e9\u00e9 par Romain BRILLAT, <a rel=\"noreferrer noopener\" href=\"https:\/\/www.au-crocodile.com\/fr\/Restaurant\/\" target=\"_blank\">le Crocodile *<\/a> \u00e0 Strasbourg<\/p>\n\n\n\n<p>\u2763 pour financer l\u2019\u00e9quipement d\u2019une salle de soins,<br>de 2 salles de douches et d&#8217;un dortoir \u2763<\/p>\n\n\n\n<p>\u2013 dans la Maison de l\u2019Espoir de Nguyet Bieu au Vietnam<br>qui accueille des orphelins et des enfants handicap\u00e9s<br>avec l\u2019association LES ENFANTS DE LA RIVI\u00c8RE DES PARFUMS.<\/p>\n\n\n\n<figure class=\"wp-block-image is-resized\"><img loading=\"lazy\" decoding=\"async\" width=\"206\" height=\"147\" src=\"https:\/\/sentiersdetoiles.fr\/wp-content\/uploads\/2022\/11\/Enfants-de-la-riviere-de-parfum.jpg\" alt=\"\" class=\"wp-image-1041\" style=\"width:155px;height:110px\"\/><figcaption class=\"wp-element-caption\">erp.hue@gmail.com<\/figcaption><\/figure>\n\n\n\n<p>\u2744&nbsp;\u2744&nbsp;\u2744&nbsp;\u2744&nbsp;\u2744&nbsp;\u2744&nbsp;\u2744<\/p>\n\n\n\n<p> \u25b6 Velout\u00e9 n\u00b04 &#8211; Du VENDREDI 16 D\u00c9CEMBRE au VENDREDI 23 D\u00c9CEMBRE 2022&nbsp;\u25c0<\/p>\n\n\n\n<p><strong>Flirt du potimarron et du poivre de Kampot<\/strong><\/p>\n\n\n\n<p>cr\u00e9\u00e9 par Mauro COLAGRECO, <a rel=\"noreferrer noopener\" href=\"https:\/\/www.mirazur.fr\/\" target=\"_blank\">le Mirazur ***<\/a> \u00e0 Menton<\/p>\n\n\n\n<p>\u2763 au profit d\u2019associations \u2763<\/p>\n\n\n\n<p>\u2013 pour la prise en charge de 10 &#8220;packs logement&#8221; pour des jeunes isol\u00e9s sortant automatiquement<br>\u00e0 18 ans des dispositifs de la Protection de l\u2019Enfance<br>avec l\u2019association <a rel=\"noreferrer noopener\" href=\"https:\/\/rebondducoeur.fr\/\" target=\"_blank\">REBOND DU COEUR<\/a>,<\/p>\n\n\n\n<figure class=\"wp-block-image is-resized\"><a href=\"https:\/\/rebondducoeur.fr\/\" target=\"_blank\" rel=\"noreferrer noopener\"><img loading=\"lazy\" decoding=\"async\" width=\"300\" height=\"250\" src=\"https:\/\/sentiersdetoiles.fr\/wp-content\/uploads\/2022\/11\/Rebond-du-coeur-300x250.jpg\" alt=\"\" class=\"wp-image-1044\" style=\"width:150px;height:125px\" srcset=\"https:\/\/sentiersdetoiles.fr\/wp-content\/uploads\/2022\/11\/Rebond-du-coeur-300x250.jpg 300w, https:\/\/sentiersdetoiles.fr\/wp-content\/uploads\/2022\/11\/Rebond-du-coeur-768x640.jpg 768w, https:\/\/sentiersdetoiles.fr\/wp-content\/uploads\/2022\/11\/Rebond-du-coeur.jpg 987w\" sizes=\"auto, (max-width: 300px) 100vw, 300px\" \/><\/a><\/figure>\n\n\n\n<p>\u2013 pour offrir une sortie \u201cextra-ordinaire\u201d \u00e0 des enfants et des jeunes r\u00e9fugi\u00e9s ukrainiens dont l\u2019ordinaire est marqu\u00e9 par les traumatismes v\u00e9cus l\u00e0-bas et l\u2019angoisse pour la famille qui s\u2019y trouve encore avec l\u2019association <a rel=\"noreferrer noopener\" href=\"https:\/\/www.facebook.com\/EcoleUkrainienneStrasbourg\/\" target=\"_blank\">\u00c9COLE UKRAINIENNE \u00c0 STRASBOURG<\/a>.<\/p>\n\n\n\n<figure class=\"wp-block-image is-resized\"><a href=\"https:\/\/www.facebook.com\/EcoleUkrainienneStrasbourg\/\" target=\"_blank\" rel=\"noreferrer noopener\"><img loading=\"lazy\" decoding=\"async\" width=\"300\" height=\"179\" src=\"https:\/\/sentiersdetoiles.fr\/wp-content\/uploads\/2022\/11\/Ecole-ukrainienne-a-Strasbourg-300x179.png\" alt=\"\" class=\"wp-image-1047\" style=\"width:225px;height:134px\" srcset=\"https:\/\/sentiersdetoiles.fr\/wp-content\/uploads\/2022\/11\/Ecole-ukrainienne-a-Strasbourg-300x179.png 300w, https:\/\/sentiersdetoiles.fr\/wp-content\/uploads\/2022\/11\/Ecole-ukrainienne-a-Strasbourg.png 571w\" sizes=\"auto, (max-width: 300px) 100vw, 300px\" \/><\/a><\/figure>\n\n\n\n<p>\u2744&nbsp;\u2744&nbsp;\u2744&nbsp;\u2744&nbsp;\u2744&nbsp;\u2744&nbsp;\u2744<\/p>\n\n\n\n<p>2 projets &#8220;joker&#8221; parvenus trop tard pour figurer dans l\u2019\u00e9dition 2022 mais que, gr\u00e2ce \u00e0 l\u2019extraordinaire r\u00e9sultat, nous allons pouvoir financer :<\/p>\n\n\n\n<ul class=\"wp-block-list\">\n<li>L&#8217;accueil (sur 3 emplacements \u00e0 Strasbourg) d&#8217;une cinquantaine d&#8217;enfants de familles d\u00e9favoris\u00e9es pendant une semaine de vacances scolaires pour, \u00e0 travers des activit\u00e9s ludiques, les aider \u00e0 surmonter leurs difficult\u00e9s scolaires<br>(association AMASCO)\n<ul class=\"wp-block-list\">\n<li><\/li>\n<\/ul>\n<\/li>\n\n\n\n<li>Le projet lanc\u00e9 par les \u00e9l\u00e8ves de l&#8217;ISEG de sensibiliser les futurs acteurs de la communication pour qu&#8217;ils mettent leur comp\u00e9tence au service de projets caritatifs vers les plus d\u00e9munis (association ISEG CHANCE)<\/li>\n<\/ul>\n\n\n\n<div class=\"wp-block-columns is-layout-flex wp-container-core-columns-is-layout-9d6595d7 wp-block-columns-is-layout-flex\">\n<div class=\"wp-block-column is-layout-flow wp-block-column-is-layout-flow\"><div class=\"wp-block-image\">\n<figure class=\"aligncenter size-full\"><img loading=\"lazy\" decoding=\"async\" width=\"201\" height=\"89\" src=\"https:\/\/sentiersdetoiles.fr\/wp-content\/uploads\/2023\/02\/Amasco-1.jpg\" alt=\"\" class=\"wp-image-1507\"\/><\/figure>\n<\/div><\/div>\n\n\n\n<div class=\"wp-block-column is-layout-flow wp-block-column-is-layout-flow\"><div class=\"wp-block-image\">\n<figure class=\"aligncenter size-medium is-resized\"><img loading=\"lazy\" decoding=\"async\" width=\"300\" height=\"107\" src=\"https:\/\/sentiersdetoiles.fr\/wp-content\/uploads\/2023\/02\/ISEG-Chance-1-300x107.jpg\" alt=\"\" class=\"wp-image-1508\" style=\"width:225px;height:80px\" srcset=\"https:\/\/sentiersdetoiles.fr\/wp-content\/uploads\/2023\/02\/ISEG-Chance-1-300x107.jpg 300w, https:\/\/sentiersdetoiles.fr\/wp-content\/uploads\/2023\/02\/ISEG-Chance-1-768x274.jpg 768w, https:\/\/sentiersdetoiles.fr\/wp-content\/uploads\/2023\/02\/ISEG-Chance-1.jpg 856w\" sizes=\"auto, (max-width: 300px) 100vw, 300px\" \/><\/figure>\n<\/div><\/div>\n<\/div>\n\n\n\n<p>\u2744&nbsp;\u2744&nbsp;\u2744&nbsp;\u2744&nbsp;\u2744&nbsp;\u2744&nbsp;\u2744<\/p>\n","protected":false},"excerpt":{"rendered":"<p>Retour vers la page des chefs 2022 Les r\u00e9sultats de la 5\u00e8me \u00e9dition des Velout\u00e9s d&#8217;\u00c9toiles sont disponibles dans l&#8217;article des DNA &#8220;Recette record pour<\/p>\n","protected":false},"author":1,"featured_media":0,"parent":0,"menu_order":0,"comment_status":"closed","ping_status":"closed","template":"","meta":{"footnotes":""},"class_list":["post-954","page","type-page","status-publish","hentry"],"_links":{"self":[{"href":"https:\/\/sentiersdetoiles.fr\/index.php?rest_route=\/wp\/v2\/pages\/954","targetHints":{"allow":["GET"]}}],"collection":[{"href":"https:\/\/sentiersdetoiles.fr\/index.php?rest_route=\/wp\/v2\/pages"}],"about":[{"href":"https:\/\/sentiersdetoiles.fr\/index.php?rest_route=\/wp\/v2\/types\/page"}],"author":[{"embeddable":true,"href":"https:\/\/sentiersdetoiles.fr\/index.php?rest_route=\/wp\/v2\/users\/1"}],"replies":[{"embeddable":true,"href":"https:\/\/sentiersdetoiles.fr\/index.php?rest_route=%2Fwp%2Fv2%2Fcomments&post=954"}],"version-history":[{"count":14,"href":"https:\/\/sentiersdetoiles.fr\/index.php?rest_route=\/wp\/v2\/pages\/954\/revisions"}],"predecessor-version":[{"id":2215,"href":"https:\/\/sentiersdetoiles.fr\/index.php?rest_route=\/wp\/v2\/pages\/954\/revisions\/2215"}],"wp:attachment":[{"href":"https:\/\/sentiersdetoiles.fr\/index.php?rest_route=%2Fwp%2Fv2%2Fmedia&parent=954"}],"curies":[{"name":"wp","href":"https:\/\/api.w.org\/{rel}","templated":true}]}}