{"id":951,"date":"2022-10-08T17:28:16","date_gmt":"2022-10-08T15:28:16","guid":{"rendered":"https:\/\/sentiersdetoiles.fr\/?page_id=951"},"modified":"2024-01-02T10:57:16","modified_gmt":"2024-01-02T09:57:16","slug":"2020-3","status":"publish","type":"page","link":"https:\/\/sentiersdetoiles.fr\/?page_id=951","title":{"rendered":"2020"},"content":{"rendered":"\n<p>Retour vers la page des chefs avec les recettes <a href=\"https:\/\/sentiersdetoiles.fr\/?page_id=189\" target=\"_blank\" rel=\"noreferrer noopener\">2020<\/a><\/p>\n\n\n\n<p>Les r\u00e9sultats de la 3<sup>\u00e8me<\/sup> \u00e9dition des Velout\u00e9s d&#8217;\u00c9toiles sont disponibles dans l&#8217;article des DNA &#8220;<a href=\"https:\/\/sentiersdetoiles.fr\/?page_id=689\" target=\"_blank\" rel=\"noreferrer noopener\">Velout\u00e9s d&#8217;\u00c9toiles : pr\u00e8s de 50 000 \u20ac r\u00e9colt\u00e9s en 2020<\/a>&#8220;<\/p>\n\n\n\n<p>\u25b6&nbsp;Velout\u00e9 n\u00b01&nbsp;\u25c0<\/p>\n\n\n\n<p><a href=\"https:\/\/cms.e.jimdo.com\/app\/sf98034151e563692\/pcae847ea7f5e8587\/\">Velout\u00e9 de Radis blanc acidul\u00e9 aux sucs de yuzu<\/a><\/p>\n\n\n\n<p>Cr\u00e9\u00e9 par&nbsp;<strong>Philippe BRAUN<\/strong>&nbsp;(ancien bras droit de Jo\u00ebl ROBUCHON)<\/p>\n\n\n\n<p>\u2763&nbsp;Au b\u00e9n\u00e9fice des associations&nbsp;\u2763<\/p>\n\n\n\n<ul class=\"wp-block-list\">\n<li><a href=\"https:\/\/www.sos-amitie.com\/\" target=\"_blank\" rel=\"noreferrer noopener\">S.O.S. AMITI\u00c9S<\/a>&nbsp;pour \u00e9quiper 2 nouveaux postes d&#8217;\u00e9coute complets et confortables pour recevoir les appels de personnes en grande d\u00e9tresse psychologique ou suicidaires. L&#8217;association a en outre trouv\u00e9 une vingtaine de nouveaux b\u00e9n\u00e9voles gr\u00e2ce \u00e0 cette op\u00e9ration.<\/li>\n<\/ul>\n\n\n\n<figure class=\"wp-block-image size-full\"><a href=\"https:\/\/www.sos-amitie.com\/\" target=\"_blank\" rel=\"noreferrer noopener\"><img loading=\"lazy\" decoding=\"async\" width=\"137\" height=\"98\" src=\"https:\/\/sentiersdetoiles.fr\/wp-content\/uploads\/2022\/11\/SOS-Amities.jpg\" alt=\"\" class=\"wp-image-1079\"\/><\/a><\/figure>\n\n\n\n<ul class=\"wp-block-list\">\n<li><a rel=\"noreferrer noopener\" href=\"https:\/\/www.facebook.com\/lesloupsquetaires\/\" target=\"_blank\">LES LOUSQUETAIRES<\/a>&nbsp;pour&nbsp;50 s\u00e9ances de m\u00e9diation animale au profit d\u2019enfants et\/ou adultes handicap\u00e9s \u00e0 et autour de Strasbourg.<\/li>\n<\/ul>\n\n\n\n<figure class=\"wp-block-image size-full\"><a href=\"https:\/\/www.facebook.com\/lesloupsquetaires\/\" target=\"_blank\" rel=\"noreferrer noopener\"><img loading=\"lazy\" decoding=\"async\" width=\"409\" height=\"132\" src=\"https:\/\/sentiersdetoiles.fr\/wp-content\/uploads\/2022\/11\/Les-lousquetaires.jpg\" alt=\"\" class=\"wp-image-1081\" srcset=\"https:\/\/sentiersdetoiles.fr\/wp-content\/uploads\/2022\/11\/Les-lousquetaires.jpg 409w, https:\/\/sentiersdetoiles.fr\/wp-content\/uploads\/2022\/11\/Les-lousquetaires-300x97.jpg 300w\" sizes=\"auto, (max-width: 409px) 100vw, 409px\" \/><\/a><\/figure>\n\n\n\n<p>\u2744&nbsp;\u2744&nbsp;\u2744&nbsp;\u2744&nbsp;\u2744&nbsp;\u2744&nbsp;\u2744<\/p>\n\n\n\n<p>\u25b6&nbsp;&nbsp;Velout\u00e9 n\u00b02&nbsp;&nbsp;\u25c0<\/p>\n\n\n\n<p><a href=\"https:\/\/cms.e.jimdo.com\/app\/sf98034151e563692\/p7f4f16a093eba49e\/\">Velout\u00e9 de Potiron au Ribeaupierre \u00e0 l\u2019ail des ours<\/a><\/p>\n\n\n\n<p>Cr\u00e9\u00e9 par&nbsp;<strong>Guillaume GOMEZ<\/strong>&nbsp;(M.O.F. et&nbsp;<a href=\"https:\/\/www.facebook.com\/guillaume.gomezii\" target=\"_blank\" rel=\"noreferrer noopener\">Chef actuel des cuisines de l\u2019Elys\u00e9e<\/a>)<\/p>\n\n\n\n<p>\u2763&nbsp;Au b\u00e9n\u00e9fice de l&#8217;association&nbsp;\u2763<\/p>\n\n\n\n<p><a rel=\"noreferrer noopener\" href=\"http:\/\/www.voixsansfrontieres.org\/\" target=\"_blank\">VOIX SANS FRONTI\u00c8RES<\/a>&nbsp;pour aider \u00e0 travers le chant choral d\u2019anciens enfants-soldats d\u2019Ouganda&nbsp;\u00e0 reprendre confiance en eux m\u00eame et ceux qu\u2019ils rencontrent \u00e0 travers une force autre que la violence.<br>L&#8217;association a vu&nbsp;financer le s\u00e9jour de chant choral pour la totalit\u00e9 du groupe d\u2019anciens enfants soldats en Ouganda (une cinquantaine).<\/p>\n\n\n\n<figure class=\"wp-block-image size-full\"><a href=\"https:\/\/www.voixsansfrontieres.org\/\" target=\"_blank\" rel=\"noreferrer noopener\"><img loading=\"lazy\" decoding=\"async\" width=\"322\" height=\"120\" src=\"https:\/\/sentiersdetoiles.fr\/wp-content\/uploads\/2022\/11\/Voix-sans-frontieres.jpg\" alt=\"\" class=\"wp-image-1083\" srcset=\"https:\/\/sentiersdetoiles.fr\/wp-content\/uploads\/2022\/11\/Voix-sans-frontieres.jpg 322w, https:\/\/sentiersdetoiles.fr\/wp-content\/uploads\/2022\/11\/Voix-sans-frontieres-300x112.jpg 300w\" sizes=\"auto, (max-width: 322px) 100vw, 322px\" \/><\/a><\/figure>\n\n\n\n<p>\u2744&nbsp;\u2744&nbsp;\u2744&nbsp;\u2744&nbsp;\u2744&nbsp;\u2744&nbsp;\u2744<\/p>\n\n\n\n<p>\u25b6&nbsp;&nbsp;Velout\u00e9 n\u00b03&nbsp;\u25c0<\/p>\n\n\n\n<p><a href=\"https:\/\/cms.e.jimdo.com\/app\/sf98034151e563692\/p2e0a10719968cc5d\/\">Velout\u00e9 de Topinambour aux Marrons Glac\u00e9s et au poivre de Kampot<\/a><\/p>\n\n\n\n<p>Cr\u00e9\u00e9 par&nbsp;<strong>Nicolas STAMM<\/strong>&nbsp;(<a href=\"http:\/\/www.lafourchettedesducs.com\/fr\/\" target=\"_blank\" rel=\"noreferrer noopener\">La Fourchette des Ducs**<\/a>&nbsp;\u00e0 Obernai)<\/p>\n\n\n\n<p>\u2763&nbsp;Au b\u00e9n\u00e9fice de l&#8217;association&nbsp;\u2763<\/p>\n\n\n\n<p><a rel=\"noreferrer noopener\" href=\"https:\/\/www.epices.asso.fr\/\" target=\"_blank\">\u00c9PICES<\/a>&nbsp;pour&nbsp;financer&nbsp;l\u2019\u00e9quipement professionnel complet de 2 groupes de 8 jeunes pour acc\u00e9der \u00e0 la formation de m\u00e9tiers du service dans la restauration.<\/p>\n\n\n\n<figure class=\"wp-block-image size-full\"><a href=\"https:\/\/www.epices.asso.fr\/\" target=\"_blank\" rel=\"noreferrer noopener\"><img loading=\"lazy\" decoding=\"async\" width=\"86\" height=\"96\" src=\"https:\/\/sentiersdetoiles.fr\/wp-content\/uploads\/2022\/11\/Epices.jpg\" alt=\"\" class=\"wp-image-1087\"\/><\/a><\/figure>\n\n\n\n<p>\u2744&nbsp;\u2744&nbsp;\u2744&nbsp;\u2744&nbsp;\u2744&nbsp;\u2744&nbsp;\u2744<\/p>\n\n\n\n<p>\u25b6&nbsp;&nbsp;Veloute n\u00b04&nbsp;\u25c0<\/p>\n\n\n\n<p><a href=\"https:\/\/cms.e.jimdo.com\/app\/sf98034151e563692\/p086c6869c81c4af2\/\">Velout\u00e9 Vichyssois aux ar\u00f4mes de Truffe<\/a><\/p>\n\n\n\n<p>Cr\u00e9\u00e9 par&nbsp;<strong>Marc HAEBERLIN<\/strong>&nbsp;(<a href=\"https:\/\/www.auberge-de-l-ill.com\/fr\/\" target=\"_blank\" rel=\"noreferrer noopener\">L&#8217;Auberge de l\u2019Ill**<\/a>&nbsp;\u00e0 Illhaeusern)<\/p>\n\n\n\n<p>\u2763&nbsp;Au b\u00e9n\u00e9fice des associations&nbsp;\u2763<\/p>\n\n\n\n<ul class=\"wp-block-list\">\n<li><a rel=\"noreferrer noopener\" href=\"https:\/\/www.horse-up.fr\/\" target=\"_blank\">HORSE UP<\/a>&nbsp;(<a rel=\"noreferrer noopener\" href=\"https:\/\/www.facebook.com\/HorseUp-548540761871192\/\" target=\"_blank\">facebook<\/a>) pour financer totalement l&#8217;achat d&#8217;une selle s\u00e9curis\u00e9e avec arceau, taquets et \u00e9triers sp\u00e9cifiques permettant une activit\u00e9 \u00e9questre adapt\u00e9e aux personnes handicap\u00e9es physiques ou souffrant de troubles du comportement,<\/li>\n<\/ul>\n\n\n\n<figure class=\"wp-block-image size-full is-resized\"><a href=\"https:\/\/www.horse-up.fr\/\" target=\"_blank\" rel=\"noreferrer noopener\"><img loading=\"lazy\" decoding=\"async\" width=\"200\" height=\"180\" src=\"https:\/\/sentiersdetoiles.fr\/wp-content\/uploads\/2022\/11\/HorseUp.jpg\" alt=\"\" class=\"wp-image-1090\" style=\"width:200px;height:180px\"\/><\/a><\/figure>\n\n\n\n<ul class=\"wp-block-list\">\n<li><a rel=\"noreferrer noopener\" href=\"https:\/\/www.lesblousesroses.asso.fr\/fr\/\" target=\"_blank\">LES BLOUSES ROSES<\/a>&nbsp;pour transmettre la m\u00e9moire de nos a\u00een\u00e9s en EHPAD en les valorisant \u00e0 travers leurs r\u00e9cits imprim\u00e9s dans 60 recueils et pour financer les produits n\u00e9cessaires \u00e0 des s\u00e9ances de manucure, apportant bien-\u00eatre et sourire aux r\u00e9sidentes des EHPAD.<\/li>\n<\/ul>\n\n\n\n<figure class=\"wp-block-image size-full\"><a href=\"https:\/\/www.lesblousesroses.asso.fr\/fr\/\" target=\"_blank\" rel=\"noreferrer noopener\"><img loading=\"lazy\" decoding=\"async\" width=\"200\" height=\"200\" src=\"https:\/\/sentiersdetoiles.fr\/wp-content\/uploads\/2022\/11\/Les-blouses-roses.jpg\" alt=\"\" class=\"wp-image-1094\" srcset=\"https:\/\/sentiersdetoiles.fr\/wp-content\/uploads\/2022\/11\/Les-blouses-roses.jpg 200w, https:\/\/sentiersdetoiles.fr\/wp-content\/uploads\/2022\/11\/Les-blouses-roses-150x150.jpg 150w\" sizes=\"auto, (max-width: 200px) 100vw, 200px\" \/><\/a><\/figure>\n\n\n\n<p>\u2744&nbsp;\u2744&nbsp;\u2744&nbsp;\u2744&nbsp;\u2744&nbsp;\u2744&nbsp;\u2744<\/p>\n\n\n\n<p>En outre, ont&nbsp; \u00e9galement pu \u00eatre pris en charge :<\/p>\n\n\n\n<ul class=\"wp-block-list\">\n<li>un petit d\u00e9jeuner de No\u00ebl le 25 d\u00e9cembre pour 160 r\u00e9fugi\u00e9s r\u00e9partis sur deux h\u00f4tels de l\u2019Eurom\u00e9tropole<\/li>\n\n\n\n<li>l\u2019\u00e9quipement en mat\u00e9riel professionnel de la cuisine du Ch\u00e2teau-d\u2019Eau qui permettra de servir des repas chauds midi et soir aux r\u00e9fugi\u00e9s et aux sans-abri qui y sont h\u00e9berg\u00e9s.<\/li>\n<\/ul>\n\n\n\n<p>\u2744&nbsp;\u2744&nbsp;\u2744&nbsp;\u2744&nbsp;\u2744&nbsp;\u2744&nbsp;\u2744<\/p>\n","protected":false},"excerpt":{"rendered":"<p>Retour vers la page des chefs avec les recettes 2020 Les r\u00e9sultats de la 3\u00e8me \u00e9dition des Velout\u00e9s d&#8217;\u00c9toiles sont disponibles dans l&#8217;article des DNA<\/p>\n","protected":false},"author":1,"featured_media":0,"parent":0,"menu_order":0,"comment_status":"closed","ping_status":"closed","template":"","meta":{"footnotes":""},"class_list":["post-951","page","type-page","status-publish","hentry"],"_links":{"self":[{"href":"https:\/\/sentiersdetoiles.fr\/index.php?rest_route=\/wp\/v2\/pages\/951","targetHints":{"allow":["GET"]}}],"collection":[{"href":"https:\/\/sentiersdetoiles.fr\/index.php?rest_route=\/wp\/v2\/pages"}],"about":[{"href":"https:\/\/sentiersdetoiles.fr\/index.php?rest_route=\/wp\/v2\/types\/page"}],"author":[{"embeddable":true,"href":"https:\/\/sentiersdetoiles.fr\/index.php?rest_route=\/wp\/v2\/users\/1"}],"replies":[{"embeddable":true,"href":"https:\/\/sentiersdetoiles.fr\/index.php?rest_route=%2Fwp%2Fv2%2Fcomments&post=951"}],"version-history":[{"count":18,"href":"https:\/\/sentiersdetoiles.fr\/index.php?rest_route=\/wp\/v2\/pages\/951\/revisions"}],"predecessor-version":[{"id":2214,"href":"https:\/\/sentiersdetoiles.fr\/index.php?rest_route=\/wp\/v2\/pages\/951\/revisions\/2214"}],"wp:attachment":[{"href":"https:\/\/sentiersdetoiles.fr\/index.php?rest_route=%2Fwp%2Fv2%2Fmedia&parent=951"}],"curies":[{"name":"wp","href":"https:\/\/api.w.org\/{rel}","templated":true}]}}