{"id":947,"date":"2022-10-08T17:27:12","date_gmt":"2022-10-08T15:27:12","guid":{"rendered":"https:\/\/sentiersdetoiles.fr\/?page_id=947"},"modified":"2024-01-02T11:06:39","modified_gmt":"2024-01-02T10:06:39","slug":"2021-3","status":"publish","type":"page","link":"https:\/\/sentiersdetoiles.fr\/?page_id=947","title":{"rendered":"2021"},"content":{"rendered":"\n<p>Retour vers la page des chefs avec les recettes <a href=\"https:\/\/sentiersdetoiles.fr\/?page_id=83\" target=\"_blank\" rel=\"noreferrer noopener\">2021<\/a><\/p>\n\n\n\n<p>GR\u0202CE \u00c0 L\u2019ENGAGEMENT DE TOUS, L\u2019\u00c9DITION 2021 A D\u00c9GAG\u00c9 UN SUPERBE R\u00c9SULTAT DE 64 479,05 \u20ac !!!<\/p>\n\n\n\n<p>\u25b6 &nbsp;Velout\u00e9 n\u00b01&nbsp;\u25c0<\/p>\n\n\n\n<p>Hommage des Disciples d&#8217;ESCOFFIER \u00e0 Emile JUNG<br>(au topinambour et \u00e0 la f\u00e8ve tonka)<\/p>\n\n\n\n<p>Cr\u00e9\u00e9 par&nbsp;<strong>Jean-Michel MOUGARD<\/strong><strong>&nbsp;<\/strong>&nbsp;(Pr\u00e9sident des&nbsp;<a href=\"https:\/\/disciples-escoffier.com\/fr\/\" target=\"_blank\" rel=\"noreferrer noopener\">Disciples ESCOFFIER Grand Est<\/a>)<\/p>\n\n\n\n<p>\u2763&nbsp;Au b\u00e9n\u00e9fice&nbsp;de l\u2019association&nbsp;\u2763<\/p>\n\n\n\n<p><a rel=\"noreferrer noopener\" href=\"https:\/\/www.shelterbox.fr\/\" target=\"_blank\">SHELTER BOX<\/a>&nbsp;pour financer 12 abris d\u2019urgence offrant un refuge imm\u00e9diat \u00e0 des personnes qui ont perdu leur maison suite \u00e0 une catastrophe ou un conflit.<\/p>\n\n\n\n<figure class=\"wp-block-image size-full is-resized\"><a href=\"https:\/\/www.shelterbox.fr\/\" target=\"_blank\" rel=\"noreferrer noopener\"><img loading=\"lazy\" decoding=\"async\" width=\"450\" height=\"112\" src=\"https:\/\/sentiersdetoiles.fr\/wp-content\/uploads\/2022\/11\/Shelter-box.jpg\" alt=\"\" class=\"wp-image-1062\" style=\"width:225px;height:56px\" srcset=\"https:\/\/sentiersdetoiles.fr\/wp-content\/uploads\/2022\/11\/Shelter-box.jpg 450w, https:\/\/sentiersdetoiles.fr\/wp-content\/uploads\/2022\/11\/Shelter-box-300x75.jpg 300w\" sizes=\"auto, (max-width: 450px) 100vw, 450px\" \/><\/a><\/figure>\n\n\n\n<p>\u2744&nbsp;\u2744&nbsp;\u2744&nbsp;\u2744&nbsp;\u2744&nbsp;\u2744&nbsp;\u2744<\/p>\n\n\n\n<p>\u25b6&nbsp;&nbsp;Velout\u00e9 n\u00b02&nbsp;\u25c0<\/p>\n\n\n\n<p>Escapade tha\u00eflandaise<\/p>\n\n\n\n<p>Cr\u00e9\u00e9 par&nbsp;<a href=\"https:\/\/start.lesechos.fr\/innovations-startups\/portraits-innovateurs\/chatchai-klanklong-prouve-que-la-cuisine-thai-peut-briller-dans-le-michelin-1174662\" target=\"_blank\" rel=\"noreferrer noopener\"><strong>Chatchai KLANKLONG<\/strong><\/a>&nbsp;(Restaurant&nbsp;<a href=\"https:\/\/orchidee-altkirch.com\/\" target=\"_blank\" rel=\"noreferrer noopener\">L\u2019Orchid\u00e9e*<\/a>&nbsp;\u00e0 Altkirch)<\/p>\n\n\n\n<p>\u2763&nbsp;Au b\u00e9n\u00e9fice de l&#8217;association&nbsp;\u2763<\/p>\n\n\n\n<p><a href=\"https:\/\/www.facebook.com\/profile.php?id=100048814617286\" target=\"_blank\" rel=\"noreferrer noopener\">LES MONDES D\u2019EPONA<\/a>&nbsp;pour permettre \u00e0 des enfants autistes de pratiquer<br>en s\u00e9curit\u00e9 des s\u00e9ances de m\u00e9diation \u00e9questre et<br>offrir \u00e0 des personnes en EHPAD des animations avec des poneys.&nbsp;<\/p>\n\n\n\n<p>\u2744&nbsp;\u2744&nbsp;\u2744&nbsp;\u2744&nbsp;\u2744&nbsp;\u2744&nbsp;\u2744<\/p>\n\n\n\n<p>\u25b6&nbsp; Velout\u00e9 n\u00b03&nbsp;\u25c0<\/p>\n\n\n\n<p>Velout\u00e9 Dubarry au safran d\u2019Alsace<\/p>\n\n\n\n<p>Cr\u00e9\u00e9 par&nbsp;<a href=\"https:\/\/www.la-casserole.fr\/de\/jean-roc-3\/\" target=\"_blank\" rel=\"noreferrer noopener\"><strong>Jean ROC<\/strong><\/a>&nbsp;(Restaurant&nbsp;<a href=\"https:\/\/www.la-casserole.fr\/\" target=\"_blank\" rel=\"noreferrer noopener\">La Casserole<\/a>&nbsp;\u00e0 Strasbourg)<\/p>\n\n\n\n<p>\u2763&nbsp;Au b\u00e9n\u00e9fice des associations&nbsp;\u2763<\/p>\n\n\n\n<p><a rel=\"noreferrer noopener\" href=\"https:\/\/www.grainedepartage.org\/\" target=\"_blank\">GRAINE DE PARTAGE<\/a>&nbsp;pour restaurer et \u00e9quiper en mat\u00e9riel p\u00e9dagogique et<br>en mobilier 3 petites \u00e9coles en milieu rural en C\u00f4te d\u2019Ivoire<\/p>\n\n\n\n<figure class=\"wp-block-image size-full is-resized\"><a href=\"https:\/\/www.grainedepartage.org\/\" target=\"_blank\" rel=\"noreferrer noopener\"><img loading=\"lazy\" decoding=\"async\" width=\"203\" height=\"65\" src=\"https:\/\/sentiersdetoiles.fr\/wp-content\/uploads\/2022\/11\/Graine-de-partage.jpg\" alt=\"\" class=\"wp-image-1066\" style=\"width:152px;height:49px\"\/><\/a><\/figure>\n\n\n\n<p>et<\/p>\n\n\n\n<p><a rel=\"noreferrer noopener\" href=\"https:\/\/afpn.fr\/\" target=\"_blank\">AIDE A LA FORMATION PARAMEDICALE AU NEPAL<\/a>&nbsp;pour financer<br>les 3 ann\u00e9es d\u2019\u00e9tudes de 2 laborantines et d\u2019un pharmacien<br>s\u2019engageant \u00e0 rester exercer plusieurs ann\u00e9es<br>dans des villages recul\u00e9s du DOLPO (au N\u00e9pal)<\/p>\n\n\n\n<figure class=\"wp-block-image size-full is-resized\"><a href=\"https:\/\/afpn.fr\/\" target=\"_blank\" rel=\"noreferrer noopener\"><img loading=\"lazy\" decoding=\"async\" width=\"187\" height=\"183\" src=\"https:\/\/sentiersdetoiles.fr\/wp-content\/uploads\/2022\/11\/AFPN.jpg\" alt=\"\" class=\"wp-image-1068\" style=\"width:94px;height:92px\"\/><\/a><\/figure>\n\n\n\n<p>\u2744&nbsp;\u2744&nbsp;\u2744&nbsp;\u2744&nbsp;\u2744&nbsp;\u2744&nbsp;\u2744<\/p>\n\n\n\n<p>\u25b6&nbsp; Velout\u00e9 n\u00b04 \u25c0<\/p>\n\n\n\n<p>Voyage de No\u00ebl des Abeilles \u00e9toil\u00e9es<\/p>\n\n\n\n<p>Cr\u00e9\u00e9 par&nbsp;<a href=\"https:\/\/villarenelalique.com\/le-restaurant\/duo-de-chefs\/\" target=\"_blank\" rel=\"noreferrer noopener\"><strong>Jean-Georges KLEIN<\/strong><\/a>&nbsp;<a href=\"https:\/\/villarenelalique.com\/\" target=\"_blank\" rel=\"noreferrer noopener\">(<\/a><a href=\"https:\/\/villarenelalique.com\/\" target=\"_blank\" rel=\"noreferrer noopener\">La Villa Lalique **<\/a>&nbsp;\u00e0 Winger sur Moder)<\/p>\n\n\n\n<p>\u2763&nbsp;Au b\u00e9n\u00e9fice de l&#8217; association&nbsp;\u2763<\/p>\n\n\n\n<p><a rel=\"noreferrer noopener\" href=\"https:\/\/www.cafejoyeux.com\/fr\/\" target=\"_blank\">CAFE JOYEUX<\/a>&nbsp;pour financer une partie de l\u2019\u00e9quipement de la cuisine<br>dans le futur \u00ab Caf\u00e9 Joyeux \u00bb qui formera et emploiera \u00e0 Strasbourg<br>une dizaine de personnes en situation de handicap mental.<\/p>\n\n\n\n<figure class=\"wp-block-image size-full is-resized\"><a href=\"https:\/\/www.cafejoyeux.com\/fr\/\" target=\"_blank\" rel=\"noreferrer noopener\"><img loading=\"lazy\" decoding=\"async\" width=\"225\" height=\"225\" src=\"https:\/\/sentiersdetoiles.fr\/wp-content\/uploads\/2022\/11\/Cafe-joyeux.jpg\" alt=\"\" class=\"wp-image-1070\" style=\"width:113px;height:113px\" srcset=\"https:\/\/sentiersdetoiles.fr\/wp-content\/uploads\/2022\/11\/Cafe-joyeux.jpg 225w, https:\/\/sentiersdetoiles.fr\/wp-content\/uploads\/2022\/11\/Cafe-joyeux-150x150.jpg 150w\" sizes=\"auto, (max-width: 225px) 100vw, 225px\" \/><\/a><\/figure>\n\n\n\n<p>\u2744&nbsp;\u2744&nbsp;\u2744&nbsp;\u2744&nbsp;\u2744&nbsp;\u2744&nbsp;\u2744<\/p>\n\n\n\n<p>\u25b6&nbsp; Projet outsider \u25c0<\/p>\n\n\n\n<p>\u2763&nbsp;Au b\u00e9n\u00e9fice de l&#8217; association&nbsp;\u2763<\/p>\n\n\n\n<p><a rel=\"noreferrer noopener\" href=\"https:\/\/undispensairepourlavenir.fr\/\" target=\"_blank\">UN DISPENSAIRE POUR L&#8217;AVENIR<\/a> (<a rel=\"noreferrer noopener\" href=\"https:\/\/www.facebook.com\/associationundispensairepourlavenir\/\" target=\"_blank\">facebook<\/a>)&nbsp;pour financer l&#8217;acheminement d&#8217;un conteneur de mat\u00e9riel m\u00e9dical pour le village de Badougb\u00e9 au Togo.<\/p>\n\n\n<div class=\"wp-block-image\">\n<figure class=\"aligncenter size-full is-resized\"><a href=\"https:\/\/undispensairepourlavenir.fr\/\" target=\"_blank\" rel=\"noreferrer noopener\"><img loading=\"lazy\" decoding=\"async\" width=\"230\" height=\"229\" src=\"https:\/\/sentiersdetoiles.fr\/wp-content\/uploads\/2022\/12\/Un-dispensaire-pour-lavenir.jpg\" alt=\"\" class=\"wp-image-1367\" style=\"width:115px;height:115px\" srcset=\"https:\/\/sentiersdetoiles.fr\/wp-content\/uploads\/2022\/12\/Un-dispensaire-pour-lavenir.jpg 230w, https:\/\/sentiersdetoiles.fr\/wp-content\/uploads\/2022\/12\/Un-dispensaire-pour-lavenir-150x150.jpg 150w\" sizes=\"auto, (max-width: 230px) 100vw, 230px\" \/><\/a><figcaption class=\"wp-element-caption\"><a href=\"https:\/\/www.facebook.com\/associationundispensairepourlavenir\/\" target=\"_blank\" rel=\"noreferrer noopener\">Facebook<\/a><\/figcaption><\/figure>\n<\/div>\n\n\n<p>\u2744&nbsp;\u2744&nbsp;\u2744&nbsp;\u2744&nbsp;\u2744&nbsp;\u2744&nbsp;\u2744<\/p>\n\n\n\n<p>Au travers de&nbsp;l&#8217;action&nbsp;&#8220;Fous&nbsp; d&#8217;amour ? Fous de voitures&#8221;, une aide alimentaire a \u00e9t\u00e9 apport\u00e9e aux \u00e9tudiants en situation de grande pr\u00e9carit\u00e9 et priv\u00e9s actuellement des \u00ab jobs \u00e9tudiants \u00bb pour leur permettent de faire face \u00e0 leurs charges.<\/p>\n\n\n\n<p>Gr\u00e2ce au d\u00e9fi de Jaimes MADERA (24h en cuisine) et ses 500 repas gastronomiques r\u00e9alis\u00e9s, l&#8217;association&nbsp;<a rel=\"noreferrer noopener\" href=\"http:\/\/www.sosfemmessolidarite67.org\/\" target=\"_blank\">sosfemmessolidarite67<\/a>&nbsp;a pu \u00e9quiper plusieurs appartements pour h\u00e9berger des femmes victimes de violences.<\/p>\n\n\n\n<p>Plus d&#8217;informations sur ces op\u00e9rations dans &#8220;<a href=\"https:\/\/sentiersdetoiles.fr\/?page_id=692\" target=\"_blank\" rel=\"noreferrer noopener\">\u00c9chos de la presse &#8211; 2021<\/a>&#8220;<\/p>\n\n\n\n<p>\u2744&nbsp;\u2744&nbsp;\u2744&nbsp;\u2744&nbsp;\u2744&nbsp;\u2744&nbsp;\u2744<\/p>\n","protected":false},"excerpt":{"rendered":"<p>Retour vers la page des chefs avec les recettes 2021 GR\u0202CE \u00c0 L\u2019ENGAGEMENT DE TOUS, L\u2019\u00c9DITION 2021 A D\u00c9GAG\u00c9 UN SUPERBE R\u00c9SULTAT DE 64 479,05<\/p>\n","protected":false},"author":1,"featured_media":0,"parent":0,"menu_order":0,"comment_status":"closed","ping_status":"closed","template":"","meta":{"footnotes":""},"class_list":["post-947","page","type-page","status-publish","hentry"],"_links":{"self":[{"href":"https:\/\/sentiersdetoiles.fr\/index.php?rest_route=\/wp\/v2\/pages\/947","targetHints":{"allow":["GET"]}}],"collection":[{"href":"https:\/\/sentiersdetoiles.fr\/index.php?rest_route=\/wp\/v2\/pages"}],"about":[{"href":"https:\/\/sentiersdetoiles.fr\/index.php?rest_route=\/wp\/v2\/types\/page"}],"author":[{"embeddable":true,"href":"https:\/\/sentiersdetoiles.fr\/index.php?rest_route=\/wp\/v2\/users\/1"}],"replies":[{"embeddable":true,"href":"https:\/\/sentiersdetoiles.fr\/index.php?rest_route=%2Fwp%2Fv2%2Fcomments&post=947"}],"version-history":[{"count":16,"href":"https:\/\/sentiersdetoiles.fr\/index.php?rest_route=\/wp\/v2\/pages\/947\/revisions"}],"predecessor-version":[{"id":2219,"href":"https:\/\/sentiersdetoiles.fr\/index.php?rest_route=\/wp\/v2\/pages\/947\/revisions\/2219"}],"wp:attachment":[{"href":"https:\/\/sentiersdetoiles.fr\/index.php?rest_route=%2Fwp%2Fv2%2Fmedia&parent=947"}],"curies":[{"name":"wp","href":"https:\/\/api.w.org\/{rel}","templated":true}]}}