{"id":944,"date":"2022-10-08T17:26:59","date_gmt":"2022-10-08T15:26:59","guid":{"rendered":"https:\/\/sentiersdetoiles.fr\/?page_id=944"},"modified":"2024-01-02T10:57:02","modified_gmt":"2024-01-02T09:57:02","slug":"2019-2","status":"publish","type":"page","link":"https:\/\/sentiersdetoiles.fr\/?page_id=944","title":{"rendered":"2019"},"content":{"rendered":"\n<p>Retour vers la page des chefs avec les recettes <a href=\"https:\/\/sentiersdetoiles.fr\/?page_id=263\" target=\"_blank\" rel=\"noreferrer noopener\">2019<\/a><\/p>\n\n\n\n<p>Les r\u00e9sultats de la 2<sup>\u00e8me<\/sup> \u00e9dition des Velout\u00e9s d&#8217;\u00c9toiles sont disponibles dans l&#8217;article des DNA &#8220;<a href=\"https:\/\/sentiersdetoiles.fr\/?page_id=685\" target=\"_blank\" rel=\"noreferrer noopener\">Un peu plus de 50 000 \u20ac r\u00e9colt\u00e9s en 2019<\/a>&#8220;<\/p>\n\n\n\n<p>\u25b6 Velout\u00e9 n\u00b01&nbsp;\u25c0<\/p>\n\n\n\n<p><a href=\"https:\/\/cms.e.jimdo.com\/app\/sf98034151e563692\/pc3b01e364e8948b9\/\">Velout\u00e9&nbsp;de l\u00e9gumes d&#8217;hiver aux \u00e9pices de No\u00ebl<\/a><\/p>\n\n\n\n<p>Cr\u00e9\u00e9 par&nbsp;<strong>C\u00e9dric DECKERT<\/strong>&nbsp;(<a href=\"https:\/\/lamerise.alsace\/fr\/\" target=\"_blank\" rel=\"noreferrer noopener\">La Merise* (** depuis janvier 2021)<\/a>&nbsp;\u00e0 Laubach)<\/p>\n\n\n\n<p>\u2763&nbsp;Au b\u00e9n\u00e9fice de&nbsp;l&#8217;association&nbsp;\u2763<\/p>\n\n\n\n<p><a href=\"https:\/\/enfantsdemarthe.fr\/\" target=\"_blank\" rel=\"noreferrer noopener\">LES ENFANTS DE MARTHE<\/a>&nbsp;pour apporter du bonheur et du r\u00eave aux enfants atteints de cancer et soign\u00e9s dans le service d&#8217;onco-h\u00e9matologie \u00e0 Hautepierre.<\/p>\n\n\n\n<p>Le ch\u00e8que remis, gr\u00e2ce aux Velout\u00e9s d&#8217;Etoiles,&nbsp;a permis d&#8217;organiser<\/p>\n\n\n\n<p>&#8211; une chasse aux \u0153ufs dans le service p\u00e9diatrique d\u2019onco-h\u00e9matologie \u00e0 Hautepierre \u00e0 P\u00e2ques,<\/p>\n\n\n\n<p>&#8211; un weekend Halloween \u00e0 Europa Park (remis \u00e0 plus tard \u00e0 cause de la Covid-19) dont r\u00eave un groupe d\u2019enfants du service depuis de nombreux mois.&nbsp;<\/p>\n\n\n\n<figure class=\"wp-block-image size-full is-resized\"><a href=\"https:\/\/enfantsdemarthe.fr\/\" target=\"_blank\" rel=\"noreferrer noopener\"><img loading=\"lazy\" decoding=\"async\" width=\"280\" height=\"248\" src=\"https:\/\/sentiersdetoiles.fr\/wp-content\/uploads\/2022\/11\/Enfants-de-Marthe.jpg\" alt=\"\" class=\"wp-image-1114\" style=\"width:140px;height:124px\"\/><\/a><\/figure>\n\n\n\n<p>\u2744&nbsp;\u2744&nbsp;\u2744&nbsp;\u2744&nbsp;\u2744&nbsp;\u2744&nbsp;\u2744<\/p>\n\n\n\n<p>\u25b6 Velout\u00e9 n\u00b02&nbsp;\u25c0<\/p>\n\n\n\n<p><a href=\"https:\/\/cms.e.jimdo.com\/app\/sf98034151e563692\/p4f4043406c96869c\/\">Cr\u00e8me de potimarrons \u00e0 la mani\u00e8re de la Villa Lalique<\/a><\/p>\n\n\n\n<p>Cr\u00e9\u00e9e par&nbsp;<strong>Jean-Georges KLEIN<\/strong>&nbsp;(<a href=\"https:\/\/villarenelalique.com\/\" target=\"_blank\" rel=\"noreferrer noopener\">La Villa Lalique **<\/a>&nbsp;\u00e0 Wingen sur Moder)<\/p>\n\n\n\n<p>\u2763&nbsp;Au b\u00e9n\u00e9fice de&nbsp;l&#8217;association&nbsp;\u2763<\/p>\n\n\n\n<p><a href=\"https:\/\/www.espacemasolo.org\/fr\/l-espace-masolo\/l-espace-masolo-le-centre.html\" target=\"_blank\" rel=\"noreferrer noopener\">LES AMIS DE L&#8217;ESPACE MASOLO<\/a>&nbsp;pour r\u00e9ins\u00e9rer les enfants des rues, les anciens enfants-soldats et les enfants-sorciers de Kinshasa en leur apportant une formation artistique et\/ou artisanale.<\/p>\n\n\n\n<p>&nbsp;L&#8217;Association LES AMIS DE L\u2019ESPACE MASOLO se r\u00e9jouit du ch\u00e8que remis qui va leur permettre de :&nbsp;<\/p>\n\n\n\n<p>&#8211; cr\u00e9er 2 ateliers, soudure et maroquinerie d\u00e8s le mois de f\u00e9vrier 2020 \u00e0 KINSHASA,<\/p>\n\n\n\n<p>&#8211; former 15 jeunes,<\/p>\n\n\n\n<p>&#8211; mettre en place un projet sp\u00e9cifique d\u2019atelier de coupe et de couture pour les filles,<\/p>\n\n\n\n<p>&#8211; constituer une &#8220;cagnotte sant\u00e9&#8221; jusque l\u00e0 inexistante pour faire face aux urgences quand il n\u2019y a pas d\u2019autre prise en charge possible&#8230;<\/p>\n\n\n\n<figure class=\"wp-block-image size-full\"><a href=\"https:\/\/www.espacemasolo.org\/fr\/l-espace-masolo\/l-espace-masolo-le-centre.html\" target=\"_blank\" rel=\"noreferrer noopener\"><img loading=\"lazy\" decoding=\"async\" width=\"86\" height=\"152\" src=\"https:\/\/sentiersdetoiles.fr\/wp-content\/uploads\/2022\/11\/Masolo.jpg\" alt=\"\" class=\"wp-image-1116\"\/><\/a><\/figure>\n\n\n\n<p>\u2744&nbsp;\u2744&nbsp;\u2744&nbsp;\u2744&nbsp;\u2744&nbsp;\u2744&nbsp;\u2744<\/p>\n\n\n\n<p>\u25b6Velout\u00e9 n\u00b03&nbsp;\u25c0<\/p>\n\n\n\n<p><a href=\"https:\/\/cms.e.jimdo.com\/app\/sf98034151e563692\/p0ae661d481ccc6e3\/\">Velout\u00e9 de panais aux saveurs indiennes<\/a><\/p>\n\n\n\n<p>Cr\u00e9\u00e9 par&nbsp;<strong>Jo\u00ebl PHILIPPS<\/strong>&nbsp;(<a href=\"https:\/\/www.lecerf.com\/\" target=\"_blank\" rel=\"noreferrer noopener\">Le Cerf*<\/a>&nbsp;\u00e0 Marlenheim)<\/p>\n\n\n\n<p>\u2763&nbsp;Au b\u00e9n\u00e9fice de&nbsp;l&#8217;association&nbsp;\u2763<\/p>\n\n\n\n<p><a href=\"https:\/\/www.facebook.com\/arasc67\/\" data-type=\"URL\" data-id=\"https:\/\/www.facebook.com\/arasc67\/\" target=\"_blank\" rel=\"noreferrer noopener\">ARASC<\/a>&nbsp;pour mettre en place des s\u00e9ances de m\u00e9diation animal aupr\u00e8s d&#8217;handicap\u00e9s physiques, psychiques et mentaux.<\/p>\n\n\n\n<p>Le ch\u00e8que va permettre de r\u00e9aliser 100 s\u00e9ances de m\u00e9diation animale, avec un chien et<br>une animatrice sp\u00e9cialement form\u00e9s,<br>aupr\u00e8s de personnes handicap\u00e9es<br>qui ne pouvaient en assumer personnellement le co\u00fbt.<br>Ainsi va d\u00e9marrer ce magnifique projet qui \u00e9tait en attente !<\/p>\n\n\n\n<figure class=\"wp-block-image size-full is-resized\"><a href=\"https:\/\/www.facebook.com\/arasc67\/\" target=\"_blank\" rel=\"noreferrer noopener\"><img loading=\"lazy\" decoding=\"async\" width=\"192\" height=\"311\" src=\"https:\/\/sentiersdetoiles.fr\/wp-content\/uploads\/2022\/11\/ARASC.jpg\" alt=\"\" class=\"wp-image-1118\" style=\"width:96px;height:156px\" srcset=\"https:\/\/sentiersdetoiles.fr\/wp-content\/uploads\/2022\/11\/ARASC.jpg 192w, https:\/\/sentiersdetoiles.fr\/wp-content\/uploads\/2022\/11\/ARASC-185x300.jpg 185w\" sizes=\"auto, (max-width: 192px) 100vw, 192px\" \/><\/a><\/figure>\n\n\n\n<p>\u2744&nbsp;\u2744&nbsp;\u2744&nbsp;\u2744&nbsp;\u2744&nbsp;\u2744&nbsp;\u2744<\/p>\n\n\n\n<p>\u25b6 Velout\u00e9 n\u00b04&nbsp;\u25c0<\/p>\n\n\n\n<p><a href=\"https:\/\/cms.e.jimdo.com\/app\/sf98034151e563692\/p0ae661d481ccc6e3\/\">Promenade entre for\u00eats et jardins<\/a><\/p>\n\n\n\n<p>Cr\u00e9\u00e9e par&nbsp;<strong>Emile JUNG ***<\/strong>&nbsp;(<a href=\"https:\/\/www.facebook.com\/ChefEmileJung\/\" target=\"_blank\" rel=\"noreferrer noopener\">Ancien patron<\/a>&nbsp;du restaurant&nbsp;<a href=\"https:\/\/au-crocodile.com\/fr\/\" target=\"_blank\" rel=\"noreferrer noopener\">Le Crocodile<\/a>)<\/p>\n\n\n\n<p>\u2763&nbsp;Au b\u00e9n\u00e9fice de&nbsp;l&#8217;association&nbsp;\u2763<\/p>\n\n\n\n<p><a href=\"https:\/\/www.facebook.com\/strasbourg.action.solidarite\/\" target=\"_blank\" rel=\"noreferrer noopener\">STRASBOURG ACTION SOLIDARIT\u00c9<\/a>&nbsp;pour apporter une aide&nbsp;alimentaire, mat\u00e9rielle et administrative aux sans abris \u00e0 Strasbourg.<\/p>\n\n\n\n<p>4 599 repas avec de la viande (ce qui n\u2019\u00e9tait pas le cas jusqu\u2019\u00e0 pr\u00e9sent)&nbsp;ont \u00e9t\u00e9 servis aux sans-abri de Strasbourg qui ne peuvent pas venir jusqu\u2019aux Restos du C\u0153ur, soit pratiquement 5 mois&nbsp; de repas.<\/p>\n\n\n\n<figure class=\"wp-block-image size-full is-resized\"><a href=\"https:\/\/www.facebook.com\/strasbourg.action.solidarite\/\" target=\"_blank\" rel=\"noreferrer noopener\"><img loading=\"lazy\" decoding=\"async\" width=\"242\" height=\"249\" src=\"https:\/\/sentiersdetoiles.fr\/wp-content\/uploads\/2022\/11\/SAS.jpg\" alt=\"\" class=\"wp-image-1120\" style=\"width:121px;height:125px\"\/><\/a><\/figure>\n\n\n\n<p>\u2744&nbsp;\u2744&nbsp;\u2744&nbsp;\u2744&nbsp;\u2744&nbsp;\u2744&nbsp;\u2744<\/p>\n\n\n\n<p>\u25b6&nbsp;<strong>Velout\u00e9 estival<\/strong> \u25c0<\/p>\n\n\n\n<p>Cr\u00e9\u00e9 par&nbsp;<strong>Eric WESTERMANN<\/strong>&nbsp;(<a href=\"https:\/\/www.buerehiesel.fr\/\" target=\"_blank\" rel=\"noreferrer noopener\">Le Buerehiesel<\/a>)<\/p>\n\n\n\n<p>\u2763&nbsp;Au b\u00e9n\u00e9fice de&nbsp;l&#8217;association&nbsp;\u2763<\/p>\n\n\n\n<p><a rel=\"noreferrer noopener\" href=\"https:\/\/www.facebook.com\/HULK.C6\/\" target=\"_blank\">HULK<\/a>&nbsp;qui offre aux jeunes accident\u00e9s de la vie des vols en autogyre dans le cadre de leurs projets th\u00e9rapeutiques.<\/p>\n\n\n\n<figure class=\"wp-block-image size-full is-resized\"><a href=\"https:\/\/www.facebook.com\/HULK.C6\/\" target=\"_blank\" rel=\"noreferrer noopener\"><img loading=\"lazy\" decoding=\"async\" width=\"225\" height=\"225\" src=\"https:\/\/sentiersdetoiles.fr\/wp-content\/uploads\/2022\/11\/Hulk.jpg\" alt=\"\" class=\"wp-image-1125\" style=\"width:113px;height:113px\" srcset=\"https:\/\/sentiersdetoiles.fr\/wp-content\/uploads\/2022\/11\/Hulk.jpg 225w, https:\/\/sentiersdetoiles.fr\/wp-content\/uploads\/2022\/11\/Hulk-150x150.jpg 150w\" sizes=\"auto, (max-width: 225px) 100vw, 225px\" \/><\/a><\/figure>\n\n\n\n<p>\u2744&nbsp;\u2744&nbsp;\u2744&nbsp;\u2744&nbsp;\u2744&nbsp;\u2744&nbsp;\u2744<\/p>\n","protected":false},"excerpt":{"rendered":"<p>Retour vers la page des chefs avec les recettes 2019 Les r\u00e9sultats de la 2\u00e8me \u00e9dition des Velout\u00e9s d&#8217;\u00c9toiles sont disponibles dans l&#8217;article des DNA<\/p>\n","protected":false},"author":1,"featured_media":0,"parent":0,"menu_order":0,"comment_status":"closed","ping_status":"closed","template":"","meta":{"footnotes":""},"class_list":["post-944","page","type-page","status-publish","hentry"],"_links":{"self":[{"href":"https:\/\/sentiersdetoiles.fr\/index.php?rest_route=\/wp\/v2\/pages\/944","targetHints":{"allow":["GET"]}}],"collection":[{"href":"https:\/\/sentiersdetoiles.fr\/index.php?rest_route=\/wp\/v2\/pages"}],"about":[{"href":"https:\/\/sentiersdetoiles.fr\/index.php?rest_route=\/wp\/v2\/types\/page"}],"author":[{"embeddable":true,"href":"https:\/\/sentiersdetoiles.fr\/index.php?rest_route=\/wp\/v2\/users\/1"}],"replies":[{"embeddable":true,"href":"https:\/\/sentiersdetoiles.fr\/index.php?rest_route=%2Fwp%2Fv2%2Fcomments&post=944"}],"version-history":[{"count":11,"href":"https:\/\/sentiersdetoiles.fr\/index.php?rest_route=\/wp\/v2\/pages\/944\/revisions"}],"predecessor-version":[{"id":2213,"href":"https:\/\/sentiersdetoiles.fr\/index.php?rest_route=\/wp\/v2\/pages\/944\/revisions\/2213"}],"wp:attachment":[{"href":"https:\/\/sentiersdetoiles.fr\/index.php?rest_route=%2Fwp%2Fv2%2Fmedia&parent=944"}],"curies":[{"name":"wp","href":"https:\/\/api.w.org\/{rel}","templated":true}]}}