{"id":941,"date":"2022-10-08T17:26:49","date_gmt":"2022-10-08T15:26:49","guid":{"rendered":"https:\/\/sentiersdetoiles.fr\/?page_id=941"},"modified":"2024-01-02T10:58:52","modified_gmt":"2024-01-02T09:58:52","slug":"2018-2","status":"publish","type":"page","link":"https:\/\/sentiersdetoiles.fr\/?page_id=941","title":{"rendered":"2018"},"content":{"rendered":"\n<p>Retour vers la page des chefs avec les recettes <a href=\"https:\/\/sentiersdetoiles.fr\/?page_id=259\" target=\"_blank\" rel=\"noreferrer noopener\">2018<\/a><\/p>\n\n\n\n<p>Les r\u00e9sultats de la 1<sup>\u00e8re<\/sup> \u00e9dition des Velout\u00e9s d&#8217;\u00c9toiles sont disponibles dans l&#8217;article des DNA &#8220;<a href=\"https:\/\/sentiersdetoiles.fr\/?page_id=682\" target=\"_blank\" rel=\"noreferrer noopener\">Velout\u00e9s d&#8217;\u00c9toiles : de louches de g\u00e9n\u00e9rosit\u00e9 pendant le march\u00e9 de No\u00ebl de Strasbourg<\/a>&#8220;<\/p>\n\n\n\n<p>\u25b6Velout\u00e9 n\u00b01&nbsp;\u25c0<\/p>\n\n\n\n<p><a href=\"https:\/\/cms.e.jimdo.com\/app\/sf98034151e563692\/p90319d57df38b272\/\">Velout\u00e9 de&nbsp;panais au frapp\u00e9 de persil<\/a><\/p>\n\n\n\n<p>Cr\u00e9\u00e9 par&nbsp;<strong>Fran\u00e7ois BAUR<\/strong>&nbsp;(<a href=\"https:\/\/www.facebook.com\/brasseriedesharas\" target=\"_blank\" rel=\"noreferrer noopener\">Les Haras<\/a>)<\/p>\n\n\n\n<p>\u2763&nbsp;Au b\u00e9n\u00e9fice de&nbsp;l&#8217;association&nbsp;\u2763<\/p>\n\n\n\n<p><a href=\"https:\/\/www.semeursdetoiles.com\/\" target=\"_blank\" rel=\"noreferrer noopener\">SEMEURS d&#8217;\u00c9TOILES<\/a>&nbsp;pour financer des nuit\u00e9es aux parents d&#8217;enfants gravement malades et&nbsp;leur permettre de rester sur place.<\/p>\n\n\n\n<p>815 nuit\u00e9es permettant \u00e0 des parents de rester \u00e0 proximit\u00e9 de leur enfant&nbsp; hospitalis\u00e9 \u00e0 Hautepierre ont \u00e9t\u00e9 financ\u00e9es.<\/p>\n\n\n\n<figure class=\"wp-block-image size-full\"><a href=\"https:\/\/www.semeursdetoiles.com\/\" target=\"_blank\" rel=\"noreferrer noopener\"><img loading=\"lazy\" decoding=\"async\" width=\"122\" height=\"215\" src=\"https:\/\/sentiersdetoiles.fr\/wp-content\/uploads\/2022\/11\/Semeurs-detoiles.jpg\" alt=\"\" class=\"wp-image-1108\"\/><\/a><\/figure>\n\n\n\n<p>\u2744&nbsp;\u2744&nbsp;\u2744&nbsp;\u2744&nbsp;\u2744&nbsp;\u2744&nbsp;\u2744<\/p>\n\n\n\n<p>\u25b6Velout\u00e9 n\u00b02&nbsp;\u25c0<\/p>\n\n\n\n<p><a href=\"https:\/\/cms.e.jimdo.com\/app\/sf98034151e563692\/p69329486d01c6099\/\">Velout\u00e9 de&nbsp;topinambours au pralin\u00e9 de noisette et huile de truffe<\/a><\/p>\n\n\n\n<p>Cr\u00e9\u00e9 par&nbsp;<strong>Fabien RAUX<\/strong>&nbsp;(<a href=\"https:\/\/www.1741.fr\/fr\/\" target=\"_blank\" rel=\"noreferrer noopener\">Le 1741<\/a>)<\/p>\n\n\n\n<p>\u2763&nbsp;Au b\u00e9n\u00e9fice de&nbsp;l&#8217;association&nbsp;\u2763<\/p>\n\n\n\n<p><a href=\"https:\/\/asso-mobilex.org\/fr\/articles.php\" target=\"_blank\" rel=\"noreferrer noopener\">MOBILEX<\/a>&nbsp;pour financer partiellement, pendant 2 mois, la location d&#8217;un v\u00e9hicule pour un ch\u00f4meur qui retrouve un emploi.<\/p>\n\n\n\n<p>La somme r\u00e9colt\u00e9e a permis de couvrir 30% du co\u00fbt de location d\u2019un v\u00e9hicule pendant le&nbsp;1<sup>er<\/sup>&nbsp;mois de la p\u00e9riode d\u2019essai pour 150 ch\u00f4meurs se voyant proposer un emploi.<\/p>\n\n\n\n<figure class=\"wp-block-image size-full\"><a href=\"https:\/\/asso-mobilex.org\/fr\/articles.php\" target=\"_blank\" rel=\"noreferrer noopener\"><img loading=\"lazy\" decoding=\"async\" width=\"467\" height=\"66\" src=\"https:\/\/sentiersdetoiles.fr\/wp-content\/uploads\/2022\/11\/Mobilex.jpg\" alt=\"\" class=\"wp-image-1110\" srcset=\"https:\/\/sentiersdetoiles.fr\/wp-content\/uploads\/2022\/11\/Mobilex.jpg 467w, https:\/\/sentiersdetoiles.fr\/wp-content\/uploads\/2022\/11\/Mobilex-300x42.jpg 300w\" sizes=\"auto, (max-width: 467px) 100vw, 467px\" \/><\/a><\/figure>\n\n\n\n<p>\u2744&nbsp;\u2744&nbsp;\u2744&nbsp;\u2744&nbsp;\u2744&nbsp;\u2744&nbsp;\u2744<\/p>\n\n\n\n<p>\u25b6Velout\u00e9 n\u00b03&nbsp;\u25c0<\/p>\n\n\n\n<p><a href=\"https:\/\/cms.e.jimdo.com\/app\/sf98034151e563692\/p13823fc081018b46\/\">Cr\u00e8me de potiron aux ch\u00e2taignes et d\u00e9licates \u00e9pices<\/a><\/p>\n\n\n\n<p>Cr\u00e9\u00e9e par&nbsp;<strong>Jean-Michel LOESSEL<\/strong>&nbsp;(<a href=\"https:\/\/restaurant-semailles.fr\/\" target=\"_blank\" rel=\"noreferrer noopener\">Les Semailles<\/a>&nbsp;\u00e0 La Wantzenau)<\/p>\n\n\n\n<p>\u2763&nbsp;Au b\u00e9n\u00e9fice de&nbsp;l&#8217;association&nbsp;\u2763<\/p>\n\n\n\n<p><a href=\"https:\/\/www.apamad.fr\/\" target=\"_blank\" rel=\"noreferrer noopener\">APAMAD<\/a>&nbsp;pour financer une sortie avec d\u00e9jeuner convivial pour les aidants qui prennent en charge un proche \u00e2g\u00e9.<\/p>\n\n\n\n<p>137 \u00ab sorties-parenth\u00e8ses \u00bb sportives ou culturelles ont \u00e9t\u00e9 propos\u00e9es<br>\u00e0 des aidants familiaux.<\/p>\n\n\n\n<figure class=\"wp-block-image size-full is-resized\"><a href=\"https:\/\/www.apamad.fr\/\" target=\"_blank\" rel=\"noreferrer noopener\"><img loading=\"lazy\" decoding=\"async\" width=\"460\" height=\"272\" src=\"https:\/\/sentiersdetoiles.fr\/wp-content\/uploads\/2022\/11\/Apamad.jpg\" alt=\"\" class=\"wp-image-1111\" style=\"width:230px;height:136px\" srcset=\"https:\/\/sentiersdetoiles.fr\/wp-content\/uploads\/2022\/11\/Apamad.jpg 460w, https:\/\/sentiersdetoiles.fr\/wp-content\/uploads\/2022\/11\/Apamad-300x177.jpg 300w\" sizes=\"auto, (max-width: 460px) 100vw, 460px\" \/><\/a><\/figure>\n\n\n\n<p>\u2744&nbsp;\u2744&nbsp;\u2744&nbsp;\u2744&nbsp;\u2744&nbsp;\u2744&nbsp;\u2744<\/p>\n\n\n\n<p>\u25b6Velout\u00e9 n\u00b04&nbsp;\u25c0<\/p>\n\n\n\n<p><a href=\"https:\/\/cms.e.jimdo.com\/app\/sf98034151e563692\/p5eabcde5a5e9031b\/\">Invitation au voyage (ou la magie des saveurs lointaines &#8230;)<\/a><\/p>\n\n\n\n<p>Cr\u00e9\u00e9e par&nbsp;<strong>Emile JUNG ***<\/strong>&nbsp;(<a href=\"https:\/\/www.facebook.com\/ChefEmileJung\/\" target=\"_blank\" rel=\"noreferrer noopener\">Ancien patron<\/a>&nbsp;du restaurant&nbsp;<a href=\"https:\/\/au-crocodile.com\/fr\/\" target=\"_blank\" rel=\"noreferrer noopener\">Le Crocodile<\/a>)<\/p>\n\n\n\n<p>\u2763&nbsp;Au b\u00e9n\u00e9fice de&nbsp;l&#8217;association&nbsp;\u2763<\/p>\n\n\n\n<p>LES ENFANTS DE LA RIVI\u00c8RE DES PARFUMS&nbsp;pour financer&nbsp;un centre d&#8217;accueil au Vietnam pour des orphelins<br>dont certains handicap\u00e9s, sans aucune aide de l&#8217;\u00c9tat.<\/p>\n\n\n\n<p>&nbsp;Les sommes r\u00e9colt\u00e9es ont permis de&nbsp;financer<\/p>\n\n\n\n<p>&#8211; l&#8217;installation d&#8217;un syst\u00e8me de protection contre l\u2019incendie \u00e0 l\u2019orphelinat de D\u00f4ng H\u00e0 au Vietnam&nbsp;qui accueille des enfants handicap\u00e9s,<\/p>\n\n\n\n<p>&#8211; du lait en poudre.<\/p>\n\n\n\n<figure class=\"wp-block-image size-full\"><img loading=\"lazy\" decoding=\"async\" width=\"206\" height=\"147\" src=\"https:\/\/sentiersdetoiles.fr\/wp-content\/uploads\/2022\/11\/Enfants-de-la-riviere-de-parfum-1.jpg\" alt=\"\" class=\"wp-image-1112\"\/><figcaption class=\"wp-element-caption\">erp.hue@gmail.com<\/figcaption><\/figure>\n\n\n\n<p>\u2744&nbsp;\u2744&nbsp;\u2744&nbsp;\u2744&nbsp;\u2744&nbsp;\u2744&nbsp;\u2744<\/p>\n","protected":false},"excerpt":{"rendered":"<p>Retour vers la page des chefs avec les recettes 2018 Les r\u00e9sultats de la 1\u00e8re \u00e9dition des Velout\u00e9s d&#8217;\u00c9toiles sont disponibles dans l&#8217;article des DNA<\/p>\n","protected":false},"author":1,"featured_media":0,"parent":0,"menu_order":0,"comment_status":"closed","ping_status":"closed","template":"","meta":{"footnotes":""},"class_list":["post-941","page","type-page","status-publish","hentry"],"_links":{"self":[{"href":"https:\/\/sentiersdetoiles.fr\/index.php?rest_route=\/wp\/v2\/pages\/941","targetHints":{"allow":["GET"]}}],"collection":[{"href":"https:\/\/sentiersdetoiles.fr\/index.php?rest_route=\/wp\/v2\/pages"}],"about":[{"href":"https:\/\/sentiersdetoiles.fr\/index.php?rest_route=\/wp\/v2\/types\/page"}],"author":[{"embeddable":true,"href":"https:\/\/sentiersdetoiles.fr\/index.php?rest_route=\/wp\/v2\/users\/1"}],"replies":[{"embeddable":true,"href":"https:\/\/sentiersdetoiles.fr\/index.php?rest_route=%2Fwp%2Fv2%2Fcomments&post=941"}],"version-history":[{"count":7,"href":"https:\/\/sentiersdetoiles.fr\/index.php?rest_route=\/wp\/v2\/pages\/941\/revisions"}],"predecessor-version":[{"id":2217,"href":"https:\/\/sentiersdetoiles.fr\/index.php?rest_route=\/wp\/v2\/pages\/941\/revisions\/2217"}],"wp:attachment":[{"href":"https:\/\/sentiersdetoiles.fr\/index.php?rest_route=%2Fwp%2Fv2%2Fmedia&parent=941"}],"curies":[{"name":"wp","href":"https:\/\/api.w.org\/{rel}","templated":true}]}}