{"id":907,"date":"2022-10-08T17:04:14","date_gmt":"2022-10-08T15:04:14","guid":{"rendered":"https:\/\/sentiersdetoiles.fr\/?page_id=907"},"modified":"2022-11-20T13:02:50","modified_gmt":"2022-11-20T12:02:50","slug":"archives","status":"publish","type":"page","link":"https:\/\/sentiersdetoiles.fr\/?page_id=907","title":{"rendered":"Archives"},"content":{"rendered":"\n<h1 class=\"has-text-align-center wp-block-heading\">\u00c9dition 2021 des velout\u00e9s d\u2019\u00e9toiles<\/h1>\n\n\n\n<p class=\"has-text-align-left\">La vente des velout\u00e9s est finie pour 2021.<\/p>\n\n\n\n<p class=\"has-text-align-left\">La 4\u00e8me \u00e9dition s\u2019est conclue sur un immense succ\u00e8s. Beaucoup de records ont \u00e9t\u00e9 pulv\u00e9ris\u00e9s : plus de 400 litres pendant la seule journ\u00e9e de lancement du 4\u00e8me velout\u00e9.<\/p>\n\n\n\n<p class=\"has-text-align-left\">L\u2019ann\u00e9e s\u2019ach\u00e8ve et si nous n\u2019avons pas encore les chiffres d\u00e9finitifs de l\u2019\u00e9dition 2021 du Velout\u00e9 d\u2019\u00e9toiles, nous savons toutefois qu\u2019ont \u00e9t\u00e9 \u00e9pluch\u00e9s et cuisin\u00e9s :<\/p>\n\n\n\n<p>&#8211; 1365 kg de pommes de terre<br>&#8211; 1005 kg de courges muscade (le plus p\u00e9nible \u00e0 \u00e9plucher \ud83d\ude13)<br>&#8211; 390 kg d\u2019oignons (\ud83d\ude22)<br>&#8211; 238 kg de poireaux<br>&#8211; 580 kg de topinambours<br>&#8211; 650 kg de choux fleurs (record de rapidit\u00e9 \u00e0 l\u2019\u00e9pluchage \ud83d\ude09)<br>&#8211; 745 kg de potimarrons (le plus dur \u00e0 couper \ud83d\udcaa)<br>&#8211; 64 kg de citronnelle tha\u00ef<\/p>\n\n\n\n<p>Soit un total de \u2026 5060 kg (!) de l\u00e9gumes livr\u00e9s \u00e0 droite et \u00e0 gauche par Sapam, \u00e9pluch\u00e9s par nos \u00e9quipes de choc au Foyer Saint Arbogast \u2013mais aussi chez DUJARDIN TRAITEUR dont Jaimes MADEIRA a mis \u00e0 nouveau ses installations \u00e0 notre disposition \u2013 et au Sonnenhof, avec l\u2019aide des pensionnaires.<\/p>\n\n\n\n<p>Au chaudron, aux c\u00f4t\u00e9s cette ann\u00e9e des infatigables Jean-Michel MOUGARD (Pr\u00e9sident des Disciples ESCOFFIER) et \u00c9ric BONNAMANT (Ancien chef de cuisine du HILTON), 2 nouveaux participants ont surmont\u00e9s les divers obstacles pratiques ou administratifs pour s\u2019engager \u00e0 nos c\u00f4t\u00e9s :\u00a0<\/p>\n\n\n\n<p>&#8211; Jean-Marc SIAT, chef de cuisine du SONNENHOF qui a fait participer des handicap\u00e9s \u00e0 la production d\u2019une partie des velout\u00e9s<br>&#8211; Fabrice GROH, chef de cuisine \u00e0 la Maison d\u2019arr\u00eat de l\u2019Elsau qui, avec \u00c9ric BONNAMANT a permis \u00e0 des d\u00e9tenus de participer en cuisine \u00e0 ce projet solidaire et porteur de sens.<\/p>\n\n\n\n<p>Au service dans le chalet, beaucoup de lumi\u00e8re, de chaleur (hormis pour la m\u00e9t\u00e9o \ud83d\ude09) et d\u2019\u00e9toiles avec les chefs qui sont venus servir au gobelet leur recette de velout\u00e9, pour la plus grande joie des gastronomes et des touristes, relayant pour un moment les b\u00e9n\u00e9voles qui chaque jour, de l\u2019ouverture (accueillis par Alain) \u00e0 la fermeture (assur\u00e9e par Sylvie et Jean-Louis), ont servi le velout\u00e9 et expliqu\u00e9 le (ou les) projets de la semaine au b\u00e9n\u00e9fice duquel il \u00e9tait vendu.<\/p>\n\n\n\n<p class=\"has-text-align-left\">Enfin, sur le c\u00f4t\u00e9 du chalet, la pr\u00e9sentation des\u00a0 projets qui a permis de d\u00e9couvrir :<\/p>\n\n\n\n<p>&#8211; tout ce qu\u2019on arrive \u00e0 faire tenir dans une caisse de SHELTER BOX (de la tente pour 10 personnes au livret de coloriage pour enfant en passant par le po\u00eale \u00e0 monter\u2026)<br>&#8211; les poneys Bounty et Rapsodie de l\u2019association LES MONDES D\u2019EPONA qui font des s\u00e9ances de m\u00e9diation avec des enfants autistes et des personnes en EHPAD et sont venus visiter la cour de l\u2019ISEG apr\u00e8s avoir brout\u00e9 la pelouse de l\u2019Archev\u00each\u00e9 (qu\u2019ils ont trouv\u00e9 excellente!)<br>&#8211; l\u2019action dans des villages recul\u00e9s de C\u00f4te d\u2019Ivoire de GRAINE DE PARTAGE ou<br>dans des villages recul\u00e9s du Dolpo, de l\u2019ASSOCIATION POUR LA FORMATION PARAM\u00c9DICALE AU N\u00c9PAL<br>&#8211; le magnifique projet du CAF\u00c9 JOYEUX que nous esp\u00e9rons voir s\u2019implanter courant 2023 \u00e0 Strasbourg.<\/p>\n\n\n\n<p>Si nous attendons le chiffre exact des ventes de velout\u00e9s qui ont \u00e9t\u00e9 r\u00e9alis\u00e9es en dehors du chalet de la rue du D\u00f4me que nous vous communiquerons d\u00e8s qu\u2019il sera connu, nous savons d\u00e9j\u00e0 que tous les projets retenus vont pouvoir \u00eatre financ\u00e9s \u00e0 hauteur de ce qui avait \u00e9t\u00e9 pr\u00e9vu (et sans doute m\u00eame un peu au-del\u00e0) et que nous allons pouvoir participer de fa\u00e7on significative \u00e0 l\u2019\u00e9quipement de la cuisine du Caf\u00e9 Joyeux strasbourgeois dans lequel nous aurons plaisir \u00e0 nous retrouver d\u00e8s qu\u2019il sera op\u00e9rationnel.<\/p>\n","protected":false},"excerpt":{"rendered":"<p>\u00c9dition 2021 des velout\u00e9s d\u2019\u00e9toiles La vente des velout\u00e9s est finie pour 2021. La 4\u00e8me \u00e9dition s\u2019est conclue sur un immense succ\u00e8s. Beaucoup de records<\/p>\n","protected":false},"author":1,"featured_media":0,"parent":0,"menu_order":0,"comment_status":"closed","ping_status":"closed","template":"","meta":{"footnotes":""},"class_list":["post-907","page","type-page","status-publish","hentry"],"_links":{"self":[{"href":"https:\/\/sentiersdetoiles.fr\/index.php?rest_route=\/wp\/v2\/pages\/907","targetHints":{"allow":["GET"]}}],"collection":[{"href":"https:\/\/sentiersdetoiles.fr\/index.php?rest_route=\/wp\/v2\/pages"}],"about":[{"href":"https:\/\/sentiersdetoiles.fr\/index.php?rest_route=\/wp\/v2\/types\/page"}],"author":[{"embeddable":true,"href":"https:\/\/sentiersdetoiles.fr\/index.php?rest_route=\/wp\/v2\/users\/1"}],"replies":[{"embeddable":true,"href":"https:\/\/sentiersdetoiles.fr\/index.php?rest_route=%2Fwp%2Fv2%2Fcomments&post=907"}],"version-history":[{"count":13,"href":"https:\/\/sentiersdetoiles.fr\/index.php?rest_route=\/wp\/v2\/pages\/907\/revisions"}],"predecessor-version":[{"id":1261,"href":"https:\/\/sentiersdetoiles.fr\/index.php?rest_route=\/wp\/v2\/pages\/907\/revisions\/1261"}],"wp:attachment":[{"href":"https:\/\/sentiersdetoiles.fr\/index.php?rest_route=%2Fwp%2Fv2%2Fmedia&parent=907"}],"curies":[{"name":"wp","href":"https:\/\/api.w.org\/{rel}","templated":true}]}}