{"id":76,"date":"2022-04-24T18:20:09","date_gmt":"2022-04-24T16:20:09","guid":{"rendered":"http:\/\/sentiersdetoiles.fr\/?page_id=76"},"modified":"2022-11-19T20:05:48","modified_gmt":"2022-11-19T19:05:48","slug":"notre-association","status":"publish","type":"page","link":"https:\/\/sentiersdetoiles.fr\/?page_id=76","title":{"rendered":"Notre association"},"content":{"rendered":"\n<p>Le projet associatif de&nbsp;<strong>Sentiers d&#8217;\u00e9toiles<\/strong><\/p>\n\n\n\n<p>L\u2019association caritative <strong>SENTIERS D\u2019\u00c9TOILES<\/strong> traduit concr\u00e8tement la volont\u00e9 de <strong>cr\u00e9er et d\u2019entretenir des chemins<\/strong> qui relient <strong>entre elles et avec nous tous<\/strong> des <strong>personnes exclues d\u2019une vie sociale normale, de fa\u00e7on temporaire ou p\u00e9renne<\/strong>, par des probl\u00e8mes :<\/p>\n\n\n\n<p>&#8211; de sant\u00e9,<\/p>\n\n\n\n<p>&#8211; d\u2019\u00e2ge,<\/p>\n\n\n\n<p>&#8211; de prise en charge d\u2019un proche d\u00e9pendant,<\/p>\n\n\n\n<p>&#8211; de travail,<\/p>\n\n\n\n<p>&#8211; d\u2019int\u00e9gration.<\/p>\n\n\n\n<p>Les <strong>moyens d\u2019actions<\/strong> choisis sont des <strong>\u00e9v\u00e8nements<\/strong> (culinaires, sportifs, artistiques, culturels, etc\u2026) \u00e0 travers lesquels les participants se rencontrent, \u00e9changent et se soutiennent en s\u2019enrichissant de leurs exp\u00e9riences mutuelles.<\/p>\n\n\n\n<p><strong>Chacun apporte \u00absa recette\u00bb<\/strong> comme l\u2019a dit son Pr\u00e9sident d\u2019Honneur, \u00e0 savoir son temps, son enthousiasme, sa bienveillance, son savoir-faire, son exp\u00e9rience et ses id\u00e9es.<\/p>\n\n\n\n<p>Ces <strong>\u00e9v\u00e8nements<\/strong> constituent des <strong>sortes de \u00abcoup de projecteur\u00bb sur les projets concrets men\u00e9s par des associations caritatives d\u2019ALSACE auxquels sont destin\u00e9s les fonds r\u00e9colt\u00e9s<\/strong> \u00e0 l\u2019occasion des diff\u00e9rentes manifestations (ventes de produits, billets d\u2019entr\u00e9e, etc\u2026) dont le Velout\u00e9 d\u2019Etoiles \u00e9tait la premi\u00e8re, suivie par la rencontre de v\u00e9hicules d\u2019exception aux Deux Rives, \u00e0 mi-ann\u00e9e.<\/p>\n\n\n\n<p><strong>La porte est tr\u00e8s largement ouverte aux b\u00e9n\u00e9voles qui ont envie<\/strong> &#8211; qu\u2019ils disposent de peu ou de beaucoup de temps &#8211; <strong>de tracer avec l\u2019association ces nouveaux sentiers transversaux et solidaires !<\/strong><\/p>\n\n\n\n<p>\u2744&nbsp;\u2744&nbsp;\u2744&nbsp;\u2744&nbsp;\u2744&nbsp;\u2744&nbsp;\u2744<\/p>\n","protected":false},"excerpt":{"rendered":"<p>Le projet associatif de&nbsp;Sentiers d&#8217;\u00e9toiles L\u2019association caritative SENTIERS D\u2019\u00c9TOILES traduit concr\u00e8tement la volont\u00e9 de cr\u00e9er et d\u2019entretenir des chemins qui relient entre elles et avec<\/p>\n","protected":false},"author":1,"featured_media":0,"parent":0,"menu_order":0,"comment_status":"closed","ping_status":"closed","template":"","meta":{"footnotes":""},"class_list":["post-76","page","type-page","status-publish","hentry"],"_links":{"self":[{"href":"https:\/\/sentiersdetoiles.fr\/index.php?rest_route=\/wp\/v2\/pages\/76","targetHints":{"allow":["GET"]}}],"collection":[{"href":"https:\/\/sentiersdetoiles.fr\/index.php?rest_route=\/wp\/v2\/pages"}],"about":[{"href":"https:\/\/sentiersdetoiles.fr\/index.php?rest_route=\/wp\/v2\/types\/page"}],"author":[{"embeddable":true,"href":"https:\/\/sentiersdetoiles.fr\/index.php?rest_route=\/wp\/v2\/users\/1"}],"replies":[{"embeddable":true,"href":"https:\/\/sentiersdetoiles.fr\/index.php?rest_route=%2Fwp%2Fv2%2Fcomments&post=76"}],"version-history":[{"count":3,"href":"https:\/\/sentiersdetoiles.fr\/index.php?rest_route=\/wp\/v2\/pages\/76\/revisions"}],"predecessor-version":[{"id":1155,"href":"https:\/\/sentiersdetoiles.fr\/index.php?rest_route=\/wp\/v2\/pages\/76\/revisions\/1155"}],"wp:attachment":[{"href":"https:\/\/sentiersdetoiles.fr\/index.php?rest_route=%2Fwp%2Fv2%2Fmedia&parent=76"}],"curies":[{"name":"wp","href":"https:\/\/api.w.org\/{rel}","templated":true}]}}