{"id":263,"date":"2022-05-14T14:05:04","date_gmt":"2022-05-14T12:05:04","guid":{"rendered":"http:\/\/sentiersdetoiles.fr\/?page_id=263"},"modified":"2022-10-08T15:18:27","modified_gmt":"2022-10-08T13:18:27","slug":"2eme-edition-noel-2019","status":"publish","type":"page","link":"https:\/\/sentiersdetoiles.fr\/?page_id=263","title":{"rendered":"2\u00e8me \u00e9dition &#8211; No\u00ebl 2019"},"content":{"rendered":"\n<p class=\"has-text-align-left\">Velout\u00e9 de l\u00e9gumes d&#8217;hiver aux \u00e9pices de No\u00ebl<\/p>\n\n\n<div class=\"wp-block-image\">\n<figure class=\"aligncenter size-full\"><img loading=\"lazy\" decoding=\"async\" width=\"126\" height=\"214\" src=\"http:\/\/sentiersdetoiles.fr\/wp-content\/uploads\/2022\/05\/Cedric-DECKERT-La-Merise-2019.jpg\" alt=\"\" class=\"wp-image-305\"\/><figcaption><strong>C\u00e9dric DECKERT<\/strong><br><a rel=\"noreferrer noopener\" href=\"https:\/\/lamerise.alsace\/fr\/\" target=\"_blank\">La Merise *<br>** depuis janvier 2021<\/a><br>\u00e0 Laubach<\/figcaption><\/figure>\n<\/div>\n\n\n<p class=\"has-text-align-left\">Cr\u00e8me de potimarrons \u00e0 la mani\u00e8re de la Villa Ren\u00e9 Lalique<\/p>\n\n\n<div class=\"wp-block-image\">\n<figure class=\"aligncenter size-full\"><img loading=\"lazy\" decoding=\"async\" width=\"132\" height=\"195\" src=\"http:\/\/sentiersdetoiles.fr\/wp-content\/uploads\/2022\/05\/Jean-Georges-KLEIN-Villa-Lalique-2019.jpg\" alt=\"\" class=\"wp-image-307\"\/><figcaption><strong>Jean-Georges KLEIN<\/strong><br>Anciennement<br><a rel=\"noreferrer noopener\" href=\"https:\/\/villarenelalique.com\/\" target=\"_blank\">La Villa Lalique **<\/a><br>\u00e0 Wingen \/ Moder<\/figcaption><\/figure>\n<\/div>\n\n\n<p class=\"has-text-align-left\">Velout\u00e9 de panais aux saveurs indiennes<\/p>\n\n\n<div class=\"wp-block-image\">\n<figure class=\"aligncenter size-full\"><img loading=\"lazy\" decoding=\"async\" width=\"121\" height=\"211\" src=\"http:\/\/sentiersdetoiles.fr\/wp-content\/uploads\/2022\/05\/Joel-PHILIPPS-Le-Cerf-2019.jpg\" alt=\"\" class=\"wp-image-308\"\/><figcaption><strong>Jo\u00ebl PHILIPPS<\/strong><br><a rel=\"noreferrer noopener\" href=\"https:\/\/www.lecerf.com\/\" target=\"_blank\">Le Cerf *<\/a><br>\u00e0 Marlenheim<\/figcaption><\/figure>\n<\/div>\n\n\n<p class=\"has-text-align-left\">Promenade entre for\u00eats et jardins<\/p>\n\n\n<div class=\"wp-block-image\">\n<figure class=\"aligncenter size-full\"><img loading=\"lazy\" decoding=\"async\" width=\"127\" height=\"213\" src=\"http:\/\/sentiersdetoiles.fr\/wp-content\/uploads\/2022\/05\/Emile-JUNG-2019.jpg\" alt=\"\" class=\"wp-image-306\"\/><figcaption><strong>Emile JUNG ***<\/strong><br><a rel=\"noreferrer noopener\" href=\"https:\/\/www.facebook.com\/ChefEmileJung\/\" target=\"_blank\">Ancien patron<br><\/a>du <a rel=\"noreferrer noopener\" href=\"https:\/\/au-crocodile.com\/fr\/\" target=\"_blank\">Crocodile*<\/a><br>\u00e0 Strasbourg<\/figcaption><\/figure>\n<\/div>\n\n\n<p><\/p>\n\n\n\n<p><\/p>\n\n\n\n<div data-wp-interactive=\"core\/file\" class=\"wp-block-file\"><object data-wp-bind--hidden=\"!state.hasPdfPreview\" hidden class=\"wp-block-file__embed\" data=\"http:\/\/sentiersdetoiles.fr\/wp-content\/uploads\/2022\/05\/Recettes-2019.pdf\" type=\"application\/pdf\" style=\"width:100%;height:600px\" aria-label=\"Embed of Contenu embarqu\u00e9 Recettes-2019..\"><\/object><a id=\"wp-block-file--media-e724ff6d-3731-4633-a379-1053abd4d12d\" href=\"http:\/\/sentiersdetoiles.fr\/wp-content\/uploads\/2022\/05\/Recettes-2019.pdf\">Recettes-2019<\/a><a href=\"http:\/\/sentiersdetoiles.fr\/wp-content\/uploads\/2022\/05\/Recettes-2019.pdf\" class=\"wp-block-file__button\" download aria-describedby=\"wp-block-file--media-e724ff6d-3731-4633-a379-1053abd4d12d\">T\u00e9l\u00e9charger<\/a><\/div>\n","protected":false},"excerpt":{"rendered":"<p>Velout\u00e9 de l\u00e9gumes d&#8217;hiver aux \u00e9pices de No\u00ebl Cr\u00e8me de potimarrons \u00e0 la mani\u00e8re de la Villa Ren\u00e9 Lalique Velout\u00e9 de panais aux saveurs indiennes<\/p>\n","protected":false},"author":1,"featured_media":0,"parent":0,"menu_order":0,"comment_status":"closed","ping_status":"closed","template":"","meta":{"footnotes":""},"class_list":["post-263","page","type-page","status-publish","hentry"],"_links":{"self":[{"href":"https:\/\/sentiersdetoiles.fr\/index.php?rest_route=\/wp\/v2\/pages\/263","targetHints":{"allow":["GET"]}}],"collection":[{"href":"https:\/\/sentiersdetoiles.fr\/index.php?rest_route=\/wp\/v2\/pages"}],"about":[{"href":"https:\/\/sentiersdetoiles.fr\/index.php?rest_route=\/wp\/v2\/types\/page"}],"author":[{"embeddable":true,"href":"https:\/\/sentiersdetoiles.fr\/index.php?rest_route=\/wp\/v2\/users\/1"}],"replies":[{"embeddable":true,"href":"https:\/\/sentiersdetoiles.fr\/index.php?rest_route=%2Fwp%2Fv2%2Fcomments&post=263"}],"version-history":[{"count":9,"href":"https:\/\/sentiersdetoiles.fr\/index.php?rest_route=\/wp\/v2\/pages\/263\/revisions"}],"predecessor-version":[{"id":705,"href":"https:\/\/sentiersdetoiles.fr\/index.php?rest_route=\/wp\/v2\/pages\/263\/revisions\/705"}],"wp:attachment":[{"href":"https:\/\/sentiersdetoiles.fr\/index.php?rest_route=%2Fwp%2Fv2%2Fmedia&parent=263"}],"curies":[{"name":"wp","href":"https:\/\/api.w.org\/{rel}","templated":true}]}}