{"id":2513,"date":"2024-11-13T18:57:45","date_gmt":"2024-11-13T17:57:45","guid":{"rendered":"https:\/\/sentiersdetoiles.fr\/?page_id=2513"},"modified":"2025-03-23T18:55:45","modified_gmt":"2025-03-23T17:55:45","slug":"7eme-edition-noel-2024","status":"publish","type":"page","link":"https:\/\/sentiersdetoiles.fr\/?page_id=2513","title":{"rendered":"7\u00e8me \u00e9dition &#8211; No\u00ebl 2024"},"content":{"rendered":"\n<p class=\"has-text-align-center\">Voyage exotique sous le souffle du Z\u00e9phyr<\/p>\n\n\n<div class=\"wp-block-image\">\n<figure class=\"aligncenter size-medium\"><img loading=\"lazy\" decoding=\"async\" width=\"200\" height=\"300\" src=\"https:\/\/sentiersdetoiles.fr\/wp-content\/uploads\/2024\/11\/Gilles-Leininger-2024-200x300.jpg\" alt=\"\" class=\"wp-image-2634\" srcset=\"https:\/\/sentiersdetoiles.fr\/wp-content\/uploads\/2024\/11\/Gilles-Leininger-2024-200x300.jpg 200w, https:\/\/sentiersdetoiles.fr\/wp-content\/uploads\/2024\/11\/Gilles-Leininger-2024-682x1024.jpg 682w, https:\/\/sentiersdetoiles.fr\/wp-content\/uploads\/2024\/11\/Gilles-Leininger-2024-768x1153.jpg 768w, https:\/\/sentiersdetoiles.fr\/wp-content\/uploads\/2024\/11\/Gilles-Leininger-2024-1023x1536.jpg 1023w, https:\/\/sentiersdetoiles.fr\/wp-content\/uploads\/2024\/11\/Gilles-Leininger-2024.jpg 1066w\" sizes=\"auto, (max-width: 200px) 100vw, 200px\" \/><figcaption class=\"wp-element-caption\">Par &nbsp;<strong>Gilles LEININGER<\/strong>, &nbsp;restaurant&nbsp;<strong><em><a href=\"https:\/\/restaurant-jardinsecret.fr\/\" target=\"_blank\" rel=\"noreferrer noopener\">Le Jardin Secret<\/a><\/em><\/strong>* \u00e0 La Wantzenau<\/figcaption><\/figure>\n<\/div>\n\n\n<p class=\"has-text-align-center\">\u2744&nbsp;\u2744&nbsp;\u2744&nbsp;\u2744&nbsp;\u2744&nbsp;\u2744&nbsp;\u2744<\/p>\n\n\n\n<p class=\"has-text-align-center\">D\u00e9licate rencontre des l\u00e9gumes oubli\u00e9s<\/p>\n\n\n<div class=\"wp-block-image\">\n<figure class=\"aligncenter size-medium\"><img loading=\"lazy\" decoding=\"async\" width=\"225\" height=\"300\" src=\"https:\/\/sentiersdetoiles.fr\/wp-content\/uploads\/2024\/11\/Jeremy-PAGE-Le-1741-2024-225x300.jpg\" alt=\"\" class=\"wp-image-2637\" srcset=\"https:\/\/sentiersdetoiles.fr\/wp-content\/uploads\/2024\/11\/Jeremy-PAGE-Le-1741-2024-225x300.jpg 225w, https:\/\/sentiersdetoiles.fr\/wp-content\/uploads\/2024\/11\/Jeremy-PAGE-Le-1741-2024-768x1024.jpg 768w, https:\/\/sentiersdetoiles.fr\/wp-content\/uploads\/2024\/11\/Jeremy-PAGE-Le-1741-2024-1152x1536.jpg 1152w, https:\/\/sentiersdetoiles.fr\/wp-content\/uploads\/2024\/11\/Jeremy-PAGE-Le-1741-2024.jpg 1200w\" sizes=\"auto, (max-width: 225px) 100vw, 225px\" \/><figcaption class=\"wp-element-caption\">Par&nbsp;<strong>J\u00e9r\u00e9my PAGE<\/strong>,&nbsp; restaurant &nbsp;<strong><em><a href=\"https:\/\/www.1741.fr\/fr\/Restaurant\/\" target=\"_blank\" rel=\"noreferrer noopener\">le 1741*<\/a><\/em><\/strong>&nbsp;&nbsp;\u00e0 Strasbourg<\/figcaption><\/figure>\n<\/div>\n\n\n<p class=\"has-text-align-center\">\u2744&nbsp;\u2744&nbsp;\u2744&nbsp;\u2744&nbsp;\u2744&nbsp;\u2744&nbsp;\u2744<\/p>\n\n\n\n<p>Subtile escale \u00e0 Madagascar&#8230;<\/p>\n\n\n<div class=\"wp-block-image\">\n<figure class=\"aligncenter size-medium\"><img loading=\"lazy\" decoding=\"async\" width=\"203\" height=\"300\" src=\"https:\/\/sentiersdetoiles.fr\/wp-content\/uploads\/2024\/11\/Guillaume-SCHEER-Les-plaisirs-gourmands-2024-1-203x300.jpg\" alt=\"\" class=\"wp-image-2638\" srcset=\"https:\/\/sentiersdetoiles.fr\/wp-content\/uploads\/2024\/11\/Guillaume-SCHEER-Les-plaisirs-gourmands-2024-1-203x300.jpg 203w, https:\/\/sentiersdetoiles.fr\/wp-content\/uploads\/2024\/11\/Guillaume-SCHEER-Les-plaisirs-gourmands-2024-1-693x1024.jpg 693w, https:\/\/sentiersdetoiles.fr\/wp-content\/uploads\/2024\/11\/Guillaume-SCHEER-Les-plaisirs-gourmands-2024-1-768x1135.jpg 768w, https:\/\/sentiersdetoiles.fr\/wp-content\/uploads\/2024\/11\/Guillaume-SCHEER-Les-plaisirs-gourmands-2024-1-1040x1536.jpg 1040w, https:\/\/sentiersdetoiles.fr\/wp-content\/uploads\/2024\/11\/Guillaume-SCHEER-Les-plaisirs-gourmands-2024-1.jpg 1083w\" sizes=\"auto, (max-width: 203px) 100vw, 203px\" \/><figcaption class=\"wp-element-caption\">Par&nbsp;<strong>Guillaume SCHEER,&nbsp;<\/strong>restaurant<strong>&nbsp;<\/strong>&nbsp;<strong><em><a href=\"https:\/\/les-plaisirs-gourmands.com\/\" target=\"_blank\" rel=\"noreferrer noopener\">Les Plaisirs Gourmands*<\/a><\/em><\/strong>&nbsp;&nbsp;\u00e0 Schiltigheim<\/figcaption><\/figure>\n<\/div>\n\n\n<p class=\"has-text-align-center\">\u2744&nbsp;\u2744&nbsp;\u2744&nbsp;\u2744&nbsp;\u2744&nbsp;\u2744&nbsp;\u2744<\/p>\n\n\n\n<p>Fine cr\u00e8me Dubarry au Tartuffon<\/p>\n\n\n<div class=\"wp-block-image\">\n<figure class=\"aligncenter size-medium\"><img loading=\"lazy\" decoding=\"async\" width=\"300\" height=\"172\" src=\"https:\/\/sentiersdetoiles.fr\/wp-content\/uploads\/2024\/11\/Michel-Roth-2024-bis-300x172.jpg\" alt=\"\" class=\"wp-image-2678\" srcset=\"https:\/\/sentiersdetoiles.fr\/wp-content\/uploads\/2024\/11\/Michel-Roth-2024-bis-300x172.jpg 300w, https:\/\/sentiersdetoiles.fr\/wp-content\/uploads\/2024\/11\/Michel-Roth-2024-bis-768x441.jpg 768w, https:\/\/sentiersdetoiles.fr\/wp-content\/uploads\/2024\/11\/Michel-Roth-2024-bis.jpg 800w\" sizes=\"auto, (max-width: 300px) 100vw, 300px\" \/><figcaption class=\"wp-element-caption\">Par&nbsp;<strong>Michel ROTH,&nbsp;<\/strong>M.O.F. et Bocuse d\u2019Or, restaurant&nbsp;<a href=\"https:\/\/www.restaurantbayview.com\/fr\/\" target=\"_blank\" rel=\"noreferrer noopener\"><strong><em>Bayview<\/em><\/strong>&nbsp;<strong>**<\/strong><\/a>&nbsp;\u00e0 Gen\u00e8ve<\/figcaption><\/figure>\n<\/div>\n\n\n<p class=\"has-text-align-center\">\u2744&nbsp;\u2744&nbsp;\u2744&nbsp;\u2744&nbsp;\u2744&nbsp;\u2744&nbsp;\u2744<\/p>\n\n\n\n<div data-wp-interactive=\"core\/file\" class=\"wp-block-file\"><object data-wp-bind--hidden=\"!state.hasPdfPreview\" hidden class=\"wp-block-file__embed\" data=\"https:\/\/sentiersdetoiles.fr\/wp-content\/uploads\/2025\/03\/Recettes-editions-2024-seules.pdf\" type=\"application\/pdf\" style=\"width:100%;height:600px\" aria-label=\"Embed of Recettes e\u0301ditions 2024 seules.\"><\/object><a id=\"wp-block-file--media-092ba6b6-e435-4199-9a61-85fbaeb18f89\" href=\"https:\/\/sentiersdetoiles.fr\/wp-content\/uploads\/2025\/03\/Recettes-editions-2024-seules.pdf\">Recettes e\u0301ditions 2024 seules<\/a><a href=\"https:\/\/sentiersdetoiles.fr\/wp-content\/uploads\/2025\/03\/Recettes-editions-2024-seules.pdf\" class=\"wp-block-file__button wp-element-button\" download aria-describedby=\"wp-block-file--media-092ba6b6-e435-4199-9a61-85fbaeb18f89\">Download<\/a><\/div>\n","protected":false},"excerpt":{"rendered":"<p>Voyage exotique sous le souffle du Z\u00e9phyr \u2744&nbsp;\u2744&nbsp;\u2744&nbsp;\u2744&nbsp;\u2744&nbsp;\u2744&nbsp;\u2744 D\u00e9licate rencontre des l\u00e9gumes oubli\u00e9s \u2744&nbsp;\u2744&nbsp;\u2744&nbsp;\u2744&nbsp;\u2744&nbsp;\u2744&nbsp;\u2744 Subtile escale \u00e0 Madagascar&#8230; \u2744&nbsp;\u2744&nbsp;\u2744&nbsp;\u2744&nbsp;\u2744&nbsp;\u2744&nbsp;\u2744 Fine cr\u00e8me Dubarry au Tartuffon \u2744&nbsp;\u2744&nbsp;\u2744&nbsp;\u2744&nbsp;\u2744&nbsp;\u2744&nbsp;\u2744<\/p>\n","protected":false},"author":1,"featured_media":0,"parent":0,"menu_order":0,"comment_status":"closed","ping_status":"closed","template":"","meta":{"footnotes":""},"class_list":["post-2513","page","type-page","status-publish","hentry"],"_links":{"self":[{"href":"https:\/\/sentiersdetoiles.fr\/index.php?rest_route=\/wp\/v2\/pages\/2513","targetHints":{"allow":["GET"]}}],"collection":[{"href":"https:\/\/sentiersdetoiles.fr\/index.php?rest_route=\/wp\/v2\/pages"}],"about":[{"href":"https:\/\/sentiersdetoiles.fr\/index.php?rest_route=\/wp\/v2\/types\/page"}],"author":[{"embeddable":true,"href":"https:\/\/sentiersdetoiles.fr\/index.php?rest_route=\/wp\/v2\/users\/1"}],"replies":[{"embeddable":true,"href":"https:\/\/sentiersdetoiles.fr\/index.php?rest_route=%2Fwp%2Fv2%2Fcomments&post=2513"}],"version-history":[{"count":14,"href":"https:\/\/sentiersdetoiles.fr\/index.php?rest_route=\/wp\/v2\/pages\/2513\/revisions"}],"predecessor-version":[{"id":2882,"href":"https:\/\/sentiersdetoiles.fr\/index.php?rest_route=\/wp\/v2\/pages\/2513\/revisions\/2882"}],"wp:attachment":[{"href":"https:\/\/sentiersdetoiles.fr\/index.php?rest_route=%2Fwp%2Fv2%2Fmedia&parent=2513"}],"curies":[{"name":"wp","href":"https:\/\/api.w.org\/{rel}","templated":true}]}}