{"id":1693,"date":"2023-11-12T19:39:28","date_gmt":"2023-11-12T18:39:28","guid":{"rendered":"https:\/\/sentiersdetoiles.fr\/?page_id=1693"},"modified":"2023-12-08T18:57:54","modified_gmt":"2023-12-08T17:57:54","slug":"champa-lao","status":"publish","type":"page","link":"https:\/\/sentiersdetoiles.fr\/?page_id=1693","title":{"rendered":"Champa Lao"},"content":{"rendered":"\n<p>\u25b6&nbsp;Du VENDREDI 8 D\u00c9CEMBRE au JEUDI 14 D\u00c9CEMBRE 2023&nbsp;\u25c0<\/p>\n\n\n\n<p><strong>Voyage du c\u00e9leri pansu vers l\u2019\u00eele aux \u00e9pices<\/strong><\/p>\n\n\n\n<p>par Matthieu KOENIG <a href=\"https:\/\/www.restaurant-koenig.com\/\" target=\"_blank\" rel=\"noreferrer noopener\">\u00ab L\u2019Arbre Vert \u00bb<\/a> \u00e0 Berrwiller,<br>Responsable Grand Est des Ma\u00eetres cuisiniers de France<\/p>\n\n\n\n<p>\u2763 pour financer l\u2019am\u00e9nagement de deux \u00e9coles \u2763<\/p>\n\n\n\n<p>dont une au Laos (association CHAMPA LAO).<\/p>\n\n\n\n<figure class=\"wp-block-image\"><img loading=\"lazy\" decoding=\"async\" width=\"250\" height=\"197\" src=\"https:\/\/sentiersdetoiles.fr\/wp-content\/uploads\/2023\/11\/Champa-Lao.jpg\" alt=\"\" class=\"wp-image-1645\"\/><\/figure>\n\n\n\n<p class=\"has-text-align-center\"><strong>QUI SOMMES-NOUS ?<\/strong><\/p>\n\n\n\n<p>L\u2019association Ecoles Champa Lao a \u00e9t\u00e9 fond\u00e9e en 2007 par des strasbourgeois originaires de Ban Non Champa au Laos. En retournant dans leur village natal en 2005, ils ne peuvent que constater l\u2019\u00e9tat de d\u00e9labrement avanc\u00e9 de l\u2019\u00e9cole primaire o\u00f9 ils avaient \u00e9t\u00e9 scolaris\u00e9s jusqu\u2019en 1975.<\/p>\n\n\n\n<p>L\u2019association a \u00e9t\u00e9 cr\u00e9\u00e9e \u00e0 la suite de ce voyage dans le but de reconstruire l\u2019\u00e9cole o\u00f9 certains d\u2019entre eux avaient pass\u00e9 leur enfance.<\/p>\n\n\n\n<p>Depuis la reconstruction de l\u2019\u00e9cole \u00e0 Ban Non Champa, d\u2019autres projets similaires ont vu le jour : 9 \u00e9coles primaires ont \u00e9t\u00e9 construites, ainsi que 7 ch\u00e2teaux d\u2019eau.<\/p>\n\n\n\n<p>Actuellement, deux projets sont en cours :<\/p>\n\n\n\n<ul class=\"wp-block-list\">\n<li>La construction d\u2019un coll\u00e8ge destin\u00e9 \u00e0 accueillir 164 \u00e9l\u00e8ves provenant de 4 villages environnants \u00e0 Ban None Champa<\/li>\n<\/ul>\n\n\n\n<ul class=\"wp-block-list\">\n<li>La cr\u00e9ation d\u2019un centre de formation de m\u00e9tiers de bouche pour les jeunes en difficult\u00e9 dans le village de Ban Fang Deng<\/li>\n<\/ul>\n\n\n\n<p>Le projet soutenu par Sentiers d&#8217;\u00c9toiles est le financement d&#8217;une partie du coll\u00e8ge. Le clos et le couvert sont actuellement termin\u00e9s. Pour que le coll\u00e8ge puisse \u00eatre mis en service en 2024, il faut encore trouver un financement pour le mobilier des 6 salles de classes de 30 \u00e9l\u00e8ves ainsi que la salle de professeurs.<\/p>\n","protected":false},"excerpt":{"rendered":"<p>\u25b6&nbsp;Du VENDREDI 8 D\u00c9CEMBRE au JEUDI 14 D\u00c9CEMBRE 2023&nbsp;\u25c0 Voyage du c\u00e9leri pansu vers l\u2019\u00eele aux \u00e9pices par Matthieu KOENIG \u00ab L\u2019Arbre Vert \u00bb \u00e0<\/p>\n","protected":false},"author":1,"featured_media":0,"parent":0,"menu_order":0,"comment_status":"closed","ping_status":"closed","template":"","meta":{"footnotes":""},"class_list":["post-1693","page","type-page","status-publish","hentry"],"_links":{"self":[{"href":"https:\/\/sentiersdetoiles.fr\/index.php?rest_route=\/wp\/v2\/pages\/1693","targetHints":{"allow":["GET"]}}],"collection":[{"href":"https:\/\/sentiersdetoiles.fr\/index.php?rest_route=\/wp\/v2\/pages"}],"about":[{"href":"https:\/\/sentiersdetoiles.fr\/index.php?rest_route=\/wp\/v2\/types\/page"}],"author":[{"embeddable":true,"href":"https:\/\/sentiersdetoiles.fr\/index.php?rest_route=\/wp\/v2\/users\/1"}],"replies":[{"embeddable":true,"href":"https:\/\/sentiersdetoiles.fr\/index.php?rest_route=%2Fwp%2Fv2%2Fcomments&post=1693"}],"version-history":[{"count":6,"href":"https:\/\/sentiersdetoiles.fr\/index.php?rest_route=\/wp\/v2\/pages\/1693\/revisions"}],"predecessor-version":[{"id":2120,"href":"https:\/\/sentiersdetoiles.fr\/index.php?rest_route=\/wp\/v2\/pages\/1693\/revisions\/2120"}],"wp:attachment":[{"href":"https:\/\/sentiersdetoiles.fr\/index.php?rest_route=%2Fwp%2Fv2%2Fmedia&parent=1693"}],"curies":[{"name":"wp","href":"https:\/\/api.w.org\/{rel}","templated":true}]}}