{"id":1581,"date":"2023-10-29T15:00:59","date_gmt":"2023-10-29T14:00:59","guid":{"rendered":"https:\/\/sentiersdetoiles.fr\/?page_id=1581"},"modified":"2023-12-23T10:14:19","modified_gmt":"2023-12-23T09:14:19","slug":"bretzel-dor","status":"publish","type":"page","link":"https:\/\/sentiersdetoiles.fr\/?page_id=1581","title":{"rendered":"Bretzel d&#8217;Or 2023"},"content":{"rendered":"\n<p class=\"has-text-align-left\">Chers Amis,<\/p>\n\n\n\n<p class=\"has-text-align-left\">Comme certains d\u2019entre vous l\u2019ont peut-\u00eatre lu dans les DNA, notre association Sentiers d\u2019\u00e9toiles s&#8217;est vu d\u00e9cerner le Bretzel d\u2019or, r\u00e9compense supr\u00eame dans la culture alsacienne.<\/p>\n\n\n\n<p class=\"has-text-align-left\">La c\u00e9r\u00e9monie de remise aux 8 personnalit\u00e9s ou associations choisies pour le mill\u00e9sime 2023 a eu le dimanche 8 octobre \u00e0 16h \u00e0 Marlenheim.<\/p>\n\n\n<div class=\"wp-block-image\">\n<figure class=\"aligncenter size-large\"><img loading=\"lazy\" decoding=\"async\" width=\"543\" height=\"1024\" src=\"https:\/\/sentiersdetoiles.fr\/wp-content\/uploads\/2023\/12\/Bretzel-dor-543x1024.jpg\" alt=\"\" class=\"wp-image-2101\" srcset=\"https:\/\/sentiersdetoiles.fr\/wp-content\/uploads\/2023\/12\/Bretzel-dor-543x1024.jpg 543w, https:\/\/sentiersdetoiles.fr\/wp-content\/uploads\/2023\/12\/Bretzel-dor-159x300.jpg 159w, https:\/\/sentiersdetoiles.fr\/wp-content\/uploads\/2023\/12\/Bretzel-dor-768x1449.jpg 768w, https:\/\/sentiersdetoiles.fr\/wp-content\/uploads\/2023\/12\/Bretzel-dor-814x1536.jpg 814w, https:\/\/sentiersdetoiles.fr\/wp-content\/uploads\/2023\/12\/Bretzel-dor-1085x2048.jpg 1085w, https:\/\/sentiersdetoiles.fr\/wp-content\/uploads\/2023\/12\/Bretzel-dor-scaled.jpg 1357w\" sizes=\"auto, (max-width: 543px) 100vw, 543px\" \/><\/figure>\n<\/div>\n\n\n<p class=\"has-text-align-left\">Tous les b\u00e9n\u00e9voles de notre association dont cette distinction salue le travail r\u00e9alis\u00e9 et l\u2019engagement ont \u00e9t\u00e9 invit\u00e9s \u00e0 cette c\u00e9r\u00e9monie et nous nous y sommes retrouv\u00e9s nombreux.<\/p>\n\n\n\n<p class=\"has-text-align-left\">Et ce qui est doublement formidable, c\u2019est que l\u2019un de ceux qui a cr\u00e9\u00e9 pour notre Velout\u00e9 d\u2019\u00c9toiles une recette originale (le velout\u00e9 aux marrons glac\u00e9s et poivre de Kampot), le chef doublement \u00e9toil\u00e9 Nicolas STAMM**, s&#8217;est aussi vu remettre cette distinction lors de la m\u00eame c\u00e9r\u00e9monie que nous !<\/p>\n\n\n\n<p class=\"has-text-align-left\">Un bel encouragement pour l\u2019\u00e9dition 2023 qui approche avec 4 nouveaux chefs \u00e9toil\u00e9s et \u00e0 nouveau, de tr\u00e8s beaux projets \u00e0 soutenir.<\/p>\n\n\n\n<p class=\"has-text-align-left\">\u00c0 tr\u00e8s bient\u00f4t donc le plaisir de vous retrouver tous.<\/p>\n\n\n\n<p class=\"has-text-align-right\">Monique BERTHELON<\/p>\n\n\n\n<figure class=\"wp-block-image size-large\"><img loading=\"lazy\" decoding=\"async\" width=\"1024\" height=\"826\" src=\"https:\/\/sentiersdetoiles.fr\/wp-content\/uploads\/2023\/11\/PA082429-3-1024x826.jpg\" alt=\"\" class=\"wp-image-1795\" srcset=\"https:\/\/sentiersdetoiles.fr\/wp-content\/uploads\/2023\/11\/PA082429-3-1024x826.jpg 1024w, https:\/\/sentiersdetoiles.fr\/wp-content\/uploads\/2023\/11\/PA082429-3-300x242.jpg 300w, https:\/\/sentiersdetoiles.fr\/wp-content\/uploads\/2023\/11\/PA082429-3-768x620.jpg 768w, https:\/\/sentiersdetoiles.fr\/wp-content\/uploads\/2023\/11\/PA082429-3-1536x1239.jpg 1536w, https:\/\/sentiersdetoiles.fr\/wp-content\/uploads\/2023\/11\/PA082429-3-2048x1652.jpg 2048w\" sizes=\"auto, (max-width: 1024px) 100vw, 1024px\" \/><figcaption class=\"wp-element-caption\">Monique BERTHELON &amp; Monique JUNG<\/figcaption><\/figure>\n\n\n\n<figure class=\"wp-block-image size-large\"><img loading=\"lazy\" decoding=\"async\" width=\"1024\" height=\"1024\" src=\"https:\/\/sentiersdetoiles.fr\/wp-content\/uploads\/2023\/11\/Les-2-Monique-3-1024x1024.jpg\" alt=\"\" class=\"wp-image-1797\" srcset=\"https:\/\/sentiersdetoiles.fr\/wp-content\/uploads\/2023\/11\/Les-2-Monique-3-1024x1024.jpg 1024w, https:\/\/sentiersdetoiles.fr\/wp-content\/uploads\/2023\/11\/Les-2-Monique-3-300x300.jpg 300w, https:\/\/sentiersdetoiles.fr\/wp-content\/uploads\/2023\/11\/Les-2-Monique-3-150x150.jpg 150w, https:\/\/sentiersdetoiles.fr\/wp-content\/uploads\/2023\/11\/Les-2-Monique-3-768x768.jpg 768w, https:\/\/sentiersdetoiles.fr\/wp-content\/uploads\/2023\/11\/Les-2-Monique-3.jpg 1198w\" sizes=\"auto, (max-width: 1024px) 100vw, 1024px\" \/><figcaption class=\"wp-element-caption\">Monique JUNG &amp; Monique BERTHELON<\/figcaption><\/figure>\n\n\n\n<figure class=\"wp-block-image size-large\"><img loading=\"lazy\" decoding=\"async\" width=\"1024\" height=\"850\" src=\"https:\/\/sentiersdetoiles.fr\/wp-content\/uploads\/2023\/11\/Sentiers-detoiles-et-les-chefs-sans-oublier-Christine-1024x850.jpg\" alt=\"\" class=\"wp-image-1800\" srcset=\"https:\/\/sentiersdetoiles.fr\/wp-content\/uploads\/2023\/11\/Sentiers-detoiles-et-les-chefs-sans-oublier-Christine-1024x850.jpg 1024w, https:\/\/sentiersdetoiles.fr\/wp-content\/uploads\/2023\/11\/Sentiers-detoiles-et-les-chefs-sans-oublier-Christine-300x249.jpg 300w, https:\/\/sentiersdetoiles.fr\/wp-content\/uploads\/2023\/11\/Sentiers-detoiles-et-les-chefs-sans-oublier-Christine-768x638.jpg 768w, https:\/\/sentiersdetoiles.fr\/wp-content\/uploads\/2023\/11\/Sentiers-detoiles-et-les-chefs-sans-oublier-Christine-1536x1276.jpg 1536w, https:\/\/sentiersdetoiles.fr\/wp-content\/uploads\/2023\/11\/Sentiers-detoiles-et-les-chefs-sans-oublier-Christine-2048x1701.jpg 2048w\" sizes=\"auto, (max-width: 1024px) 100vw, 1024px\" \/><figcaption class=\"wp-element-caption\">Jean-Michel MOUGARD, Monique JUNG, Monique BERTHELON, Nicolas STAMM-CORBY, Christine SPIESSER &amp; Serge SCHAAL<\/figcaption><\/figure>\n\n\n\n<figure class=\"wp-block-image size-large\"><img loading=\"lazy\" decoding=\"async\" width=\"1024\" height=\"764\" src=\"https:\/\/sentiersdetoiles.fr\/wp-content\/uploads\/2023\/11\/Une-partie-de-la-fine-equipe-bis-1024x764.jpg\" alt=\"\" class=\"wp-image-1801\" srcset=\"https:\/\/sentiersdetoiles.fr\/wp-content\/uploads\/2023\/11\/Une-partie-de-la-fine-equipe-bis-1024x764.jpg 1024w, https:\/\/sentiersdetoiles.fr\/wp-content\/uploads\/2023\/11\/Une-partie-de-la-fine-equipe-bis-300x224.jpg 300w, https:\/\/sentiersdetoiles.fr\/wp-content\/uploads\/2023\/11\/Une-partie-de-la-fine-equipe-bis-768x573.jpg 768w, https:\/\/sentiersdetoiles.fr\/wp-content\/uploads\/2023\/11\/Une-partie-de-la-fine-equipe-bis-1536x1146.jpg 1536w, https:\/\/sentiersdetoiles.fr\/wp-content\/uploads\/2023\/11\/Une-partie-de-la-fine-equipe-bis-2048x1528.jpg 2048w\" sizes=\"auto, (max-width: 1024px) 100vw, 1024px\" \/><figcaption class=\"wp-element-caption\">Une petite partie de la fine \u00e9quipe des b\u00e9n\u00e9voles de Sentiers d&#8217;\u00c9toiles<\/figcaption><\/figure>\n\n\n\n<figure class=\"wp-block-image size-large is-resized\"><img loading=\"lazy\" decoding=\"async\" width=\"1024\" height=\"768\" src=\"https:\/\/sentiersdetoiles.fr\/wp-content\/uploads\/2023\/11\/PA082530-1024x768.jpg\" alt=\"\" class=\"wp-image-1808\" style=\"width:840px;height:auto\" srcset=\"https:\/\/sentiersdetoiles.fr\/wp-content\/uploads\/2023\/11\/PA082530-1024x768.jpg 1024w, https:\/\/sentiersdetoiles.fr\/wp-content\/uploads\/2023\/11\/PA082530-300x225.jpg 300w, https:\/\/sentiersdetoiles.fr\/wp-content\/uploads\/2023\/11\/PA082530-768x576.jpg 768w, https:\/\/sentiersdetoiles.fr\/wp-content\/uploads\/2023\/11\/PA082530-1536x1152.jpg 1536w, https:\/\/sentiersdetoiles.fr\/wp-content\/uploads\/2023\/11\/PA082530-2048x1536.jpg 2048w, https:\/\/sentiersdetoiles.fr\/wp-content\/uploads\/2023\/11\/PA082530-800x600.jpg 800w\" sizes=\"auto, (max-width: 1024px) 100vw, 1024px\" \/><figcaption class=\"wp-element-caption\">Une petite partie de la fine \u00e9quipe des b\u00e9n\u00e9voles de Sentiers d&#8217;\u00c9toiles<\/figcaption><\/figure>\n\n\n\n<div data-wp-interactive=\"core\/file\" class=\"wp-block-file\"><object data-wp-bind--hidden=\"!state.hasPdfPreview\" hidden class=\"wp-block-file__embed\" data=\"https:\/\/sentiersdetoiles.fr\/wp-content\/uploads\/2023\/10\/invitation-bretzels-dor-2023-iatpa-1.pdf\" type=\"application\/pdf\" style=\"width:100%;height:600px\" aria-label=\"Embed of invitation-bretzels-dor-2023-iatpa-1.\"><\/object><a id=\"wp-block-file--media-71c2f4b5-6bf2-430a-a96e-44f6b6449ca8\" href=\"https:\/\/sentiersdetoiles.fr\/wp-content\/uploads\/2023\/10\/invitation-bretzels-dor-2023-iatpa-1.pdf\">invitation-bretzels-dor-2023-iatpa-1<\/a><a href=\"https:\/\/sentiersdetoiles.fr\/wp-content\/uploads\/2023\/10\/invitation-bretzels-dor-2023-iatpa-1.pdf\" class=\"wp-block-file__button wp-element-button\" download aria-describedby=\"wp-block-file--media-71c2f4b5-6bf2-430a-a96e-44f6b6449ca8\">Download<\/a><\/div>\n\n\n\n<div data-wp-interactive=\"core\/file\" class=\"wp-block-file\"><object data-wp-bind--hidden=\"!state.hasPdfPreview\" hidden class=\"wp-block-file__embed\" data=\"https:\/\/sentiersdetoiles.fr\/wp-content\/uploads\/2023\/10\/Communique_-iatpa-bretzels-dor-2023.pdf\" type=\"application\/pdf\" style=\"width:100%;height:600px\" aria-label=\"Embed of Communique_-iatpa-bretzels-dor-2023.\"><\/object><a id=\"wp-block-file--media-be12a784-5954-4978-bcd0-b60c6788979a\" href=\"https:\/\/sentiersdetoiles.fr\/wp-content\/uploads\/2023\/10\/Communique_-iatpa-bretzels-dor-2023.pdf\">Communique_-iatpa-bretzels-dor-2023<\/a><a href=\"https:\/\/sentiersdetoiles.fr\/wp-content\/uploads\/2023\/10\/Communique_-iatpa-bretzels-dor-2023.pdf\" class=\"wp-block-file__button wp-element-button\" download aria-describedby=\"wp-block-file--media-be12a784-5954-4978-bcd0-b60c6788979a\">Download<\/a><\/div>\n","protected":false},"excerpt":{"rendered":"<p>Chers Amis, Comme certains d\u2019entre vous l\u2019ont peut-\u00eatre lu dans les DNA, notre association Sentiers d\u2019\u00e9toiles s&#8217;est vu d\u00e9cerner le Bretzel d\u2019or, r\u00e9compense supr\u00eame dans<\/p>\n","protected":false},"author":1,"featured_media":0,"parent":0,"menu_order":0,"comment_status":"closed","ping_status":"closed","template":"","meta":{"footnotes":""},"class_list":["post-1581","page","type-page","status-publish","hentry"],"_links":{"self":[{"href":"https:\/\/sentiersdetoiles.fr\/index.php?rest_route=\/wp\/v2\/pages\/1581","targetHints":{"allow":["GET"]}}],"collection":[{"href":"https:\/\/sentiersdetoiles.fr\/index.php?rest_route=\/wp\/v2\/pages"}],"about":[{"href":"https:\/\/sentiersdetoiles.fr\/index.php?rest_route=\/wp\/v2\/types\/page"}],"author":[{"embeddable":true,"href":"https:\/\/sentiersdetoiles.fr\/index.php?rest_route=\/wp\/v2\/users\/1"}],"replies":[{"embeddable":true,"href":"https:\/\/sentiersdetoiles.fr\/index.php?rest_route=%2Fwp%2Fv2%2Fcomments&post=1581"}],"version-history":[{"count":20,"href":"https:\/\/sentiersdetoiles.fr\/index.php?rest_route=\/wp\/v2\/pages\/1581\/revisions"}],"predecessor-version":[{"id":2199,"href":"https:\/\/sentiersdetoiles.fr\/index.php?rest_route=\/wp\/v2\/pages\/1581\/revisions\/2199"}],"wp:attachment":[{"href":"https:\/\/sentiersdetoiles.fr\/index.php?rest_route=%2Fwp%2Fv2%2Fmedia&parent=1581"}],"curies":[{"name":"wp","href":"https:\/\/api.w.org\/{rel}","templated":true}]}}